{"id":1047,"date":"2022-10-24T03:19:30","date_gmt":"2022-10-24T03:19:30","guid":{"rendered":"https:\/\/demo.kavila.vn\/?page_id=1047"},"modified":"2023-03-17T14:58:40","modified_gmt":"2023-03-17T07:58:40","slug":"villa-tan-co-dien","status":"publish","type":"page","link":"https:\/\/kavila.vn\/en\/du-an\/villa-tan-co-dien\/","title":{"rendered":"Neoclassical Villa"},"content":{"rendered":"<div class=\"vc_row wpb_row vc_row-fluid hidden-desktop-large no-bottom-margins\"><div class=\"wpb_column vc_column_container vc_col-sm-12\"><div class=\"vc_column-inner\"><div class=\"wpb_wrapper\"><nav class=\"vcex-module vcex-navbar wpex-clr home-mobile-menu align-center\" style=\"font-size:var(--wpex-text-sm);\"><div class=\"vcex-navbar-inner wpex-clr container\"><a href=\"https:\/\/kavila.vn\/en\/du-an\/villa-hien-dai\/\" class=\"vcex-navbar-link wpex-mb-5 theme-button minimal-border expanded wpex-text-base\"><span>Modern Villa<\/span><\/a><a href=\"https:\/\/kavila.vn\/en\/du-an\/villa-tan-co-dien\/\" class=\"vcex-navbar-link wpex-mb-5 theme-button minimal-border expanded wpex-text-base\"><span>Neoclassical Villa<\/span><\/a><a href=\"https:\/\/kavila.vn\/en\/du-an\/cong-trinh-dich-vu\/\" class=\"vcex-navbar-link wpex-mb-5 theme-button minimal-border expanded wpex-text-base\"><span>Service works<\/span><\/a><a href=\"https:\/\/kavila.vn\/en\/du-an\/can-ho-penthouse\/\" class=\"vcex-navbar-link wpex-mb-5 theme-button minimal-border expanded wpex-text-base\"><span>Apartments, penthouses<\/span><\/a><\/div><\/nav><\/div><\/div><\/div><\/div><div class=\"vc_row wpb_row vc_row-fluid visible-desktop-large no-bottom-margins\"><div class=\"wpb_column vc_column_container vc_col-sm-12\"><div class=\"vc_column-inner\"><div class=\"wpb_wrapper\"><div class=\"vcex-spacing wpex-w-100 wpex-clear\" style=\"height:40px;\"><\/div><nav class=\"vcex-module vcex-navbar wpex-clr vcex-navbar-sticky vcex-navbar-sticky-offset home-desktop-menu align-center\" style=\"font-size:var(--wpex-text-sm);\" data-sticky-endpoint=\"\"><div class=\"vcex-navbar-inner wpex-clr container wpex-last-mr-0\"><a href=\"https:\/\/kavila.vn\/en\/du-an\/villa-hien-dai\/\" class=\"vcex-navbar-link wpex-mr-5 wpex-mb-5 theme-button minimal-border wpex-text-base\"><span>Modern Villa<\/span><\/a><a href=\"https:\/\/kavila.vn\/en\/du-an\/villa-tan-co-dien\/\" class=\"vcex-navbar-link wpex-mr-5 wpex-mb-5 theme-button minimal-border wpex-text-base\"><span>Neoclassical Villa<\/span><\/a><a href=\"https:\/\/kavila.vn\/en\/du-an\/cong-trinh-dich-vu\/\" class=\"vcex-navbar-link wpex-mr-5 wpex-mb-5 theme-button minimal-border wpex-text-base\"><span>Service works<\/span><\/a><a href=\"https:\/\/kavila.vn\/en\/du-an\/can-ho-penthouse\/\" class=\"vcex-navbar-link wpex-mr-5 wpex-mb-5 theme-button minimal-border wpex-text-base\"><span>Apartments, penthouses<\/span><\/a><\/div><\/nav><\/div><\/div><\/div><\/div><div class=\"vc_row wpb_row vc_row-fluid no-bottom-margins\"><div class=\"wpb_column vc_column_container vc_col-sm-12\"><div class=\"vc_column-inner\"><div class=\"wpb_wrapper\"><div class=\"vcex-spacing wpex-w-100 wpex-clear\" style=\"height:40px;\"><\/div><h1 class=\"vcex-heading vcex-module wpex-text-2xl wpex-font-normal wpex-m-auto wpex-max-w-100 vcex-heading-plain wpex-block wpex-text-center\" style=\"font-size:var(--wpex-text-lg);\"><span class=\"vcex-heading-inner wpex-inline-block wpex-clr\">Neoclassical Villa<\/span><\/h1><div class=\"vcex-spacing wpex-w-100 wpex-clear\" style=\"height:40px;\"><\/div><div class=\"vcex-module vcex-portfolio-grid-wrap wpex-clr wpex-mb-30\"><div class=\"wpex-row vcex-portfolio-grid wpex-clr entries gap-10 match-height-grid\"><div class=\"portfolio-entry vcex-grid-item entry-has-details span_1_of_2 span_1_of_2_tl span_1_of_1_tp span_1_of_1_pl span_1_of_1_pp col col-1  textcenter post-514 entry type-portfolio has-media cat-5 cat-8\"><div class=\"portfolio-entry-inner entry-inner wpex-first-mt-0 wpex-last-mb-0 wpex-clr\"><div class=\"portfolio-entry-media entry-media\"><a href=\"https:\/\/kavila.vn\/en\/portfolio-item\/spain-villa-sai-gon\/\" title=\"SPAIN VILLA &#8211; SAI GON\" class=\"portfolio-entry-media-link\"><img decoding=\"async\" width=\"2560\" height=\"1706\" src=\"https:\/\/kavila.vn\/wp-content\/uploads\/2022\/10\/6-23-scaled.jpg\" class=\"portfolio-entry-img wpex-align-middle\" alt=\"\" loading=\"lazy\" srcset=\"https:\/\/kavila.vn\/wp-content\/uploads\/2022\/10\/6-23-scaled.jpg 2560w, https:\/\/kavila.vn\/wp-content\/uploads\/2022\/10\/6-23-300x200.jpg 300w, https:\/\/kavila.vn\/wp-content\/uploads\/2022\/10\/6-23-1024x683.jpg 1024w, https:\/\/kavila.vn\/wp-content\/uploads\/2022\/10\/6-23-768x512.jpg 768w, https:\/\/kavila.vn\/wp-content\/uploads\/2022\/10\/6-23-1536x1024.jpg 1536w, https:\/\/kavila.vn\/wp-content\/uploads\/2022\/10\/6-23-2048x1365.jpg 2048w, https:\/\/kavila.vn\/wp-content\/uploads\/2022\/10\/6-23-18x12.jpg 18w, https:\/\/kavila.vn\/wp-content\/uploads\/2022\/10\/6-23-500x333.jpg 500w, https:\/\/kavila.vn\/wp-content\/uploads\/2022\/10\/6-23-800x533.jpg 800w, https:\/\/kavila.vn\/wp-content\/uploads\/2022\/10\/6-23-1280x853.jpg 1280w, https:\/\/kavila.vn\/wp-content\/uploads\/2022\/10\/6-23-1920x1280.jpg 1920w\" sizes=\"auto, (max-width: 2560px) 100vw, 2560px\" \/><\/a><\/div><div class=\"portfolio-entry-details entry-details wpex-p-20 wpex-first-mt-0 wpex-last-mb-0 wpex-clr\" style=\"color:#888888;\"><div class=\"match-height-content\"><h2 class=\"portfolio-entry-title entry-title wpex-mb-5\"><a href=\"https:\/\/kavila.vn\/en\/portfolio-item\/spain-villa-sai-gon\/\" title=\"SPAIN VILLA &#8211; SAI GON\">SPAIN VILLA \u2013 SAI GON<\/a><\/h2><div class=\"portfolio-entry-excerpt entry-excerpt wpex-my-15 wpex-last-mb-0 wpex-clr\">West facing \/ Land area 230m2 \/ Construction area 600m2 \/ Living room kitchen - 6 bedrooms - Swimming pool - Recreation area<\/div><\/div><\/div><\/div><\/div><div class=\"portfolio-entry vcex-grid-item entry-has-details span_1_of_2 span_1_of_2_tl span_1_of_1_tp span_1_of_1_pl span_1_of_1_pp col col-2  textcenter post-553 entry type-portfolio has-media cat-5 cat-8\"><div class=\"portfolio-entry-inner entry-inner wpex-first-mt-0 wpex-last-mb-0 wpex-clr\"><div class=\"portfolio-entry-media entry-media\"><a href=\"https:\/\/kavila.vn\/en\/portfolio-item\/japan-villa-co-dien-da-nang\/\" title=\"JAPAN VILLA &#8211; DA NANG\" class=\"portfolio-entry-media-link\"><img decoding=\"async\" width=\"2560\" height=\"1706\" src=\"https:\/\/kavila.vn\/wp-content\/uploads\/2022\/10\/7-22-scaled.jpg\" class=\"portfolio-entry-img wpex-align-middle\" alt=\"\" loading=\"lazy\" srcset=\"https:\/\/kavila.vn\/wp-content\/uploads\/2022\/10\/7-22-scaled.jpg 2560w, https:\/\/kavila.vn\/wp-content\/uploads\/2022\/10\/7-22-300x200.jpg 300w, https:\/\/kavila.vn\/wp-content\/uploads\/2022\/10\/7-22-1024x683.jpg 1024w, https:\/\/kavila.vn\/wp-content\/uploads\/2022\/10\/7-22-768x512.jpg 768w, https:\/\/kavila.vn\/wp-content\/uploads\/2022\/10\/7-22-1536x1024.jpg 1536w, https:\/\/kavila.vn\/wp-content\/uploads\/2022\/10\/7-22-2048x1365.jpg 2048w, https:\/\/kavila.vn\/wp-content\/uploads\/2022\/10\/7-22-18x12.jpg 18w, https:\/\/kavila.vn\/wp-content\/uploads\/2022\/10\/7-22-500x333.jpg 500w, https:\/\/kavila.vn\/wp-content\/uploads\/2022\/10\/7-22-800x533.jpg 800w, https:\/\/kavila.vn\/wp-content\/uploads\/2022\/10\/7-22-1280x853.jpg 1280w, https:\/\/kavila.vn\/wp-content\/uploads\/2022\/10\/7-22-1920x1280.jpg 1920w\" sizes=\"auto, (max-width: 2560px) 100vw, 2560px\" \/><\/a><\/div><div class=\"portfolio-entry-details entry-details wpex-p-20 wpex-first-mt-0 wpex-last-mb-0 wpex-clr\" style=\"color:#888888;\"><div class=\"match-height-content\"><h2 class=\"portfolio-entry-title entry-title wpex-mb-5\"><a href=\"https:\/\/kavila.vn\/en\/portfolio-item\/japan-villa-co-dien-da-nang\/\" title=\"JAPAN VILLA &#8211; DA NANG\">JAPAN VILLA \u2013 DA NANG<\/a><\/h2><div class=\"portfolio-entry-excerpt entry-excerpt wpex-my-15 wpex-last-mb-0 wpex-clr\">West direction \/ Land area 300m x 300m \/ Construction area 500m2 \/ Area garden and swimming pool 800m2<\/div><\/div><\/div><\/div><\/div><\/div><\/div><\/div><\/div><\/div><\/div>","protected":false},"excerpt":{"rendered":"M\u1ed9t c\u00f4ng tr\u00ecnh h\u00f2a m\u00ecnh gi\u1eefa thi\u00ean nhi\u00ean, l\u00e0m sao \u0111\u1ec3 t\u1eadn d\u1ee5ng t\u1ed1i \u0111a kh\u00f4ng gian xanh m\u00e1t, kh\u00f4ng kh\u00ed trong l\u00e0nh c\u1ee7a n\u00fai \u0111\u1ed3i, l\u1ea1i v\u1eeba th\u1ec3 hi\u1ec7n n\u00e9t ki\u1ebfn tr\u00fac \u0111\u1ed9c \u0111\u00e1o, c\u00e1 t\u00ednh nh\u01b0 ch\u00ednh ch\u1ee7 \u0111\u1ea7u t\u01b0","protected":false},"author":1,"featured_media":882,"parent":16,"menu_order":2,"comment_status":"closed","ping_status":"closed","template":"","meta":{"footnotes":""},"class_list":["post-1047","page","type-page","status-publish","has-post-thumbnail","hentry","entry","no-media"],"yoast_head":"<!-- This site is optimized with the Yoast SEO plugin v27.2 - https:\/\/yoast.com\/product\/yoast-seo-wordpress\/ -->\n<title>Villa t\u00e2n c\u1ed5 \u0111i\u1ec3n - KAVILA ARCHITECTURE<\/title>\n<meta name=\"robots\" content=\"index, follow, max-snippet:-1, max-image-preview:large, max-video-preview:-1\" \/>\n<link rel=\"canonical\" href=\"https:\/\/kavila.vn\/en\/du-an\/villa-tan-co-dien\/\" \/>\n<meta property=\"og:locale\" content=\"en_US\" \/>\n<meta property=\"og:type\" content=\"article\" \/>\n<meta property=\"og:title\" content=\"Villa t\u00e2n c\u1ed5 \u0111i\u1ec3n - KAVILA ARCHITECTURE\" \/>\n<meta property=\"og:url\" content=\"https:\/\/kavila.vn\/en\/du-an\/villa-tan-co-dien\/\" \/>\n<meta property=\"og:site_name\" content=\"KAVILA ARCHITECTURE\" \/>\n<meta property=\"article:publisher\" content=\"https:\/\/www.facebook.com\/Kavila.vn\/\" \/>\n<meta property=\"article:modified_time\" content=\"2023-03-17T07:58:40+00:00\" \/>\n<meta property=\"og:image\" content=\"https:\/\/kavila.vn\/wp-content\/uploads\/2022\/10\/3-villa-tan-co-dien.jpg\" \/>\n\t<meta property=\"og:image:width\" content=\"1600\" \/>\n\t<meta property=\"og:image:height\" content=\"900\" \/>\n\t<meta property=\"og:image:type\" content=\"image\/jpeg\" \/>\n<meta name=\"twitter:card\" content=\"summary_large_image\" \/>\n<meta name=\"twitter:label1\" content=\"Est. reading time\" \/>\n\t<meta name=\"twitter:data1\" content=\"1 minute\" \/>\n<script type=\"application\/ld+json\" class=\"yoast-schema-graph\">{\"@context\":\"https:\/\/schema.org\",\"@graph\":[{\"@type\":\"WebPage\",\"@id\":\"https:\/\/kavila.vn\/du-an\/villa-tan-co-dien\/\",\"url\":\"https:\/\/kavila.vn\/du-an\/villa-tan-co-dien\/\",\"name\":\"Villa t\u00e2n c\u1ed5 \u0111i\u1ec3n - KAVILA ARCHITECTURE\",\"isPartOf\":{\"@id\":\"https:\/\/kavila.vn\/#website\"},\"primaryImageOfPage\":{\"@id\":\"https:\/\/kavila.vn\/du-an\/villa-tan-co-dien\/#primaryimage\"},\"image\":{\"@id\":\"https:\/\/kavila.vn\/du-an\/villa-tan-co-dien\/#primaryimage\"},\"thumbnailUrl\":\"https:\/\/kavila.vn\/wp-content\/uploads\/2022\/10\/3-villa-tan-co-dien.jpg\",\"datePublished\":\"2022-10-24T03:19:30+00:00\",\"dateModified\":\"2023-03-17T07:58:40+00:00\",\"breadcrumb\":{\"@id\":\"https:\/\/kavila.vn\/du-an\/villa-tan-co-dien\/#breadcrumb\"},\"inLanguage\":\"en-US\",\"potentialAction\":[{\"@type\":\"ReadAction\",\"target\":[\"https:\/\/kavila.vn\/du-an\/villa-tan-co-dien\/\"]}]},{\"@type\":\"ImageObject\",\"inLanguage\":\"en-US\",\"@id\":\"https:\/\/kavila.vn\/du-an\/villa-tan-co-dien\/#primaryimage\",\"url\":\"https:\/\/kavila.vn\/wp-content\/uploads\/2022\/10\/3-villa-tan-co-dien.jpg\",\"contentUrl\":\"https:\/\/kavila.vn\/wp-content\/uploads\/2022\/10\/3-villa-tan-co-dien.jpg\",\"width\":1600,\"height\":900},{\"@type\":\"BreadcrumbList\",\"@id\":\"https:\/\/kavila.vn\/du-an\/villa-tan-co-dien\/#breadcrumb\",\"itemListElement\":[{\"@type\":\"ListItem\",\"position\":1,\"name\":\"Trang ch\u1ee7\",\"item\":\"https:\/\/kavila.vn\/\"},{\"@type\":\"ListItem\",\"position\":2,\"name\":\"D\u1ef1 \u00e1n\",\"item\":\"https:\/\/kavila.vn\/du-an\/\"},{\"@type\":\"ListItem\",\"position\":3,\"name\":\"Villa t\u00e2n c\u1ed5 \u0111i\u1ec3n\"}]},{\"@type\":\"WebSite\",\"@id\":\"https:\/\/kavila.vn\/#website\",\"url\":\"https:\/\/kavila.vn\/\",\"name\":\"KAVILA ARCHITECTURE\",\"description\":\"\",\"publisher\":{\"@id\":\"https:\/\/kavila.vn\/#organization\"},\"potentialAction\":[{\"@type\":\"SearchAction\",\"target\":{\"@type\":\"EntryPoint\",\"urlTemplate\":\"https:\/\/kavila.vn\/?s={search_term_string}\"},\"query-input\":{\"@type\":\"PropertyValueSpecification\",\"valueRequired\":true,\"valueName\":\"search_term_string\"}}],\"inLanguage\":\"en-US\"},{\"@type\":\"Organization\",\"@id\":\"https:\/\/kavila.vn\/#organization\",\"name\":\"KAVILA ARCHITECTURE\",\"url\":\"https:\/\/kavila.vn\/\",\"logo\":{\"@type\":\"ImageObject\",\"inLanguage\":\"en-US\",\"@id\":\"https:\/\/kavila.vn\/#\/schema\/logo\/image\/\",\"url\":\"https:\/\/kavila.vn\/wp-content\/uploads\/2022\/11\/favicon.png\",\"contentUrl\":\"https:\/\/kavila.vn\/wp-content\/uploads\/2022\/11\/favicon.png\",\"width\":512,\"height\":512,\"caption\":\"KAVILA ARCHITECTURE\"},\"image\":{\"@id\":\"https:\/\/kavila.vn\/#\/schema\/logo\/image\/\"},\"sameAs\":[\"https:\/\/www.facebook.com\/Kavila.vn\/\"]}]}<\/script>\n<!-- \/ Yoast SEO plugin. -->","yoast_head_json":{"title":"Villa t\u00e2n c\u1ed5 \u0111i\u1ec3n - KAVILA ARCHITECTURE","robots":{"index":"index","follow":"follow","max-snippet":"max-snippet:-1","max-image-preview":"max-image-preview:large","max-video-preview":"max-video-preview:-1"},"canonical":"https:\/\/kavila.vn\/en\/du-an\/villa-tan-co-dien\/","og_locale":"en_US","og_type":"article","og_title":"Villa t\u00e2n c\u1ed5 \u0111i\u1ec3n - KAVILA ARCHITECTURE","og_url":"https:\/\/kavila.vn\/en\/du-an\/villa-tan-co-dien\/","og_site_name":"KAVILA ARCHITECTURE","article_publisher":"https:\/\/www.facebook.com\/Kavila.vn\/","article_modified_time":"2023-03-17T07:58:40+00:00","og_image":[{"width":1600,"height":900,"url":"https:\/\/kavila.vn\/wp-content\/uploads\/2022\/10\/3-villa-tan-co-dien.jpg","type":"image\/jpeg"}],"twitter_card":"summary_large_image","twitter_misc":{"Est. reading time":"1 minute"},"schema":{"@context":"https:\/\/schema.org","@graph":[{"@type":"WebPage","@id":"https:\/\/kavila.vn\/du-an\/villa-tan-co-dien\/","url":"https:\/\/kavila.vn\/du-an\/villa-tan-co-dien\/","name":"Villa t\u00e2n c\u1ed5 \u0111i\u1ec3n - KAVILA ARCHITECTURE","isPartOf":{"@id":"https:\/\/kavila.vn\/#website"},"primaryImageOfPage":{"@id":"https:\/\/kavila.vn\/du-an\/villa-tan-co-dien\/#primaryimage"},"image":{"@id":"https:\/\/kavila.vn\/du-an\/villa-tan-co-dien\/#primaryimage"},"thumbnailUrl":"https:\/\/kavila.vn\/wp-content\/uploads\/2022\/10\/3-villa-tan-co-dien.jpg","datePublished":"2022-10-24T03:19:30+00:00","dateModified":"2023-03-17T07:58:40+00:00","breadcrumb":{"@id":"https:\/\/kavila.vn\/du-an\/villa-tan-co-dien\/#breadcrumb"},"inLanguage":"en-US","potentialAction":[{"@type":"ReadAction","target":["https:\/\/kavila.vn\/du-an\/villa-tan-co-dien\/"]}]},{"@type":"ImageObject","inLanguage":"en-US","@id":"https:\/\/kavila.vn\/du-an\/villa-tan-co-dien\/#primaryimage","url":"https:\/\/kavila.vn\/wp-content\/uploads\/2022\/10\/3-villa-tan-co-dien.jpg","contentUrl":"https:\/\/kavila.vn\/wp-content\/uploads\/2022\/10\/3-villa-tan-co-dien.jpg","width":1600,"height":900},{"@type":"BreadcrumbList","@id":"https:\/\/kavila.vn\/du-an\/villa-tan-co-dien\/#breadcrumb","itemListElement":[{"@type":"ListItem","position":1,"name":"Trang ch\u1ee7","item":"https:\/\/kavila.vn\/"},{"@type":"ListItem","position":2,"name":"D\u1ef1 \u00e1n","item":"https:\/\/kavila.vn\/du-an\/"},{"@type":"ListItem","position":3,"name":"Villa t\u00e2n c\u1ed5 \u0111i\u1ec3n"}]},{"@type":"WebSite","@id":"https:\/\/kavila.vn\/#website","url":"https:\/\/kavila.vn\/","name":"KAVILA ARCHITECTURE","description":"","publisher":{"@id":"https:\/\/kavila.vn\/#organization"},"potentialAction":[{"@type":"SearchAction","target":{"@type":"EntryPoint","urlTemplate":"https:\/\/kavila.vn\/?s={search_term_string}"},"query-input":{"@type":"PropertyValueSpecification","valueRequired":true,"valueName":"search_term_string"}}],"inLanguage":"en-US"},{"@type":"Organization","@id":"https:\/\/kavila.vn\/#organization","name":"KAVILA ARCHITECTURE","url":"https:\/\/kavila.vn\/","logo":{"@type":"ImageObject","inLanguage":"en-US","@id":"https:\/\/kavila.vn\/#\/schema\/logo\/image\/","url":"https:\/\/kavila.vn\/wp-content\/uploads\/2022\/11\/favicon.png","contentUrl":"https:\/\/kavila.vn\/wp-content\/uploads\/2022\/11\/favicon.png","width":512,"height":512,"caption":"KAVILA ARCHITECTURE"},"image":{"@id":"https:\/\/kavila.vn\/#\/schema\/logo\/image\/"},"sameAs":["https:\/\/www.facebook.com\/Kavila.vn\/"]}]}},"_links":{"self":[{"href":"https:\/\/kavila.vn\/en\/wp-json\/wp\/v2\/pages\/1047","targetHints":{"allow":["GET"]}}],"collection":[{"href":"https:\/\/kavila.vn\/en\/wp-json\/wp\/v2\/pages"}],"about":[{"href":"https:\/\/kavila.vn\/en\/wp-json\/wp\/v2\/types\/page"}],"author":[{"embeddable":true,"href":"https:\/\/kavila.vn\/en\/wp-json\/wp\/v2\/users\/1"}],"replies":[{"embeddable":true,"href":"https:\/\/kavila.vn\/en\/wp-json\/wp\/v2\/comments?post=1047"}],"version-history":[{"count":0,"href":"https:\/\/kavila.vn\/en\/wp-json\/wp\/v2\/pages\/1047\/revisions"}],"up":[{"embeddable":true,"href":"https:\/\/kavila.vn\/en\/wp-json\/wp\/v2\/pages\/16"}],"wp:featuredmedia":[{"embeddable":true,"href":"https:\/\/kavila.vn\/en\/wp-json\/wp\/v2\/media\/882"}],"wp:attachment":[{"href":"https:\/\/kavila.vn\/en\/wp-json\/wp\/v2\/media?parent=1047"}],"curies":[{"name":"wp","href":"https:\/\/api.w.org\/{rel}","templated":true}]}}