{"id":1207,"date":"2022-10-24T06:41:07","date_gmt":"2022-10-24T06:41:07","guid":{"rendered":"https:\/\/demo.kavila.vn\/?page_id=1207"},"modified":"2026-03-24T11:10:59","modified_gmt":"2026-03-24T04:10:59","slug":"don-gia","status":"publish","type":"page","link":"https:\/\/kavila.vn\/en\/bang-gia\/don-gia\/","title":{"rendered":"Unit price"},"content":{"rendered":"<div class=\"vc_row wpb_row vc_row-fluid hidden-desktop-large no-bottom-margins\"><div class=\"wpb_column vc_column_container vc_col-sm-12\"><div class=\"vc_column-inner\"><div class=\"wpb_wrapper\"><nav class=\"vcex-module vcex-navbar wpex-clr home-mobile-menu align-center\" style=\"font-size:var(--wpex-text-sm);\"><div class=\"vcex-navbar-inner wpex-clr container\"><a href=\"https:\/\/kavila.vn\/en\/bang-gia\/don-gia\/\" class=\"vcex-navbar-link wpex-mb-5 theme-button minimal-border expanded wpex-text-base\"><span>Unit price<\/span><\/a><a href=\"https:\/\/kavila.vn\/en\/bang-gia\/hop-dong\/\" class=\"vcex-navbar-link wpex-mb-5 theme-button minimal-border expanded wpex-text-base\"><span>Contract<\/span><\/a><a href=\"https:\/\/kavila.vn\/en\/bang-gia\/bao-gia\/\" class=\"vcex-navbar-link wpex-mb-5 theme-button minimal-border expanded wpex-text-base\"><span>Quote<\/span><\/a><\/div><\/nav><\/div><\/div><\/div><\/div><div class=\"vc_row wpb_row vc_row-fluid visible-desktop-large no-bottom-margins\"><div class=\"wpb_column vc_column_container vc_col-sm-12\"><div class=\"vc_column-inner\"><div class=\"wpb_wrapper\"><div class=\"vcex-spacing wpex-w-100 wpex-clear\" style=\"height:40px;\"><\/div><nav class=\"vcex-module vcex-navbar wpex-clr home-desktop-menu align-center\" style=\"font-size:var(--wpex-text-sm);\"><div class=\"vcex-navbar-inner wpex-clr container wpex-last-mr-0\"><a href=\"https:\/\/kavila.vn\/en\/bang-gia\/don-gia\/\" class=\"vcex-navbar-link wpex-mr-5 wpex-mb-5 theme-button minimal-border wpex-text-base\"><span>Unit price<\/span><\/a><a href=\"https:\/\/kavila.vn\/en\/bang-gia\/hop-dong\/\" class=\"vcex-navbar-link wpex-mr-5 wpex-mb-5 theme-button minimal-border wpex-text-base\"><span>Contract<\/span><\/a><a href=\"https:\/\/kavila.vn\/en\/bang-gia\/bao-gia\/\" class=\"vcex-navbar-link wpex-mr-5 wpex-mb-5 theme-button minimal-border wpex-text-base\"><span>Quote<\/span><\/a><\/div><\/nav><\/div><\/div><\/div><\/div><div class=\"vc_row wpb_row vc_row-fluid no-bottom-margins\"><div class=\"wpb_column vc_column_container vc_col-sm-12\"><div class=\"vc_column-inner\"><div class=\"wpb_wrapper\"><div class=\"vcex-spacing wpex-w-100 wpex-clear\" style=\"height:40px;\"><\/div><h1 class=\"vcex-heading vcex-module wpex-text-2xl wpex-font-normal wpex-m-auto wpex-max-w-100 vcex-heading-plain wpex-block wpex-text-center\" style=\"font-size:var(--wpex-text-lg);\"><span class=\"vcex-heading-inner wpex-inline-block wpex-clr\">DESIGN PRICE LIST<\/span><\/h1><div class=\"vcex-spacing wpex-w-100 wpex-clear\" style=\"height:40px;\"><\/div>\n\t<div style=\"color:#888888;\" class=\"wpb_text_column has-custom-color wpex-child-inherit-color wpb_content_element\" >\n\t\t<div class=\"wpb_wrapper\">\n\t\t\t<div class=\"table-responsive\">\n<table class=\"kavila-table table\" style=\"width: 100%;\">\n<thead>\n<tr>\n<th style=\"width: 6%;\">STT<\/th>\n<th style=\"width: 47%;\">Categories<\/th>\n<th style=\"width: 47%;\">Design<\/th>\n<\/tr>\n<\/thead>\n<tbody>\n<tr>\n<td style=\"width: 6%;\">1<\/td>\n<td style=\"width: 47%;\">Villa hi\u1ec7n \u0111\u1ea1i | Tropical<\/td>\n<td style=\"width: 47%;\">800.000 &#8211; 1.200.000 \u0111\/m2<\/td>\n<\/tr>\n<tr>\n<td style=\"border-top: 1px solid #dee2e6; width: 6%;\">2<\/td>\n<td style=\"border-top: 1px solid #dee2e6; width: 47%;\">Villa T\u00e2n c\u1ed5 \u0111i\u1ec3n | C\u1ed5 \u0111i\u1ec3n<\/td>\n<td style=\"border-top: 1px solid #dee2e6; width: 47%;\">800.000 &#8211; 1.200.000 \u0111\/m2<\/td>\n<\/tr>\n<tr>\n<td style=\"width: 6%;\">3<\/td>\n<td style=\"width: 47%;\">Apartments, penthouses<\/td>\n<td style=\"width: 47%;\">800.000 &#8211; 1.200.000 \u0111\/m2<\/td>\n<\/tr>\n<tr>\n<td style=\"width: 6%;\">4<\/td>\n<td style=\"width: 47%;\">Service works<\/td>\n<td style=\"width: 47%;\">800.000 &#8211; 1.200.000 \u0111\/m2<\/td>\n<\/tr>\n<tr>\n<td style=\"width: 6%;\">5<\/td>\n<td style=\"width: 47%;\">records include<\/td>\n<td style=\"width: 47%;\" colspan=\"2\" rowspan=\"1\">\n<ul>\n<li>3D interior<\/li>\n<li>Exterior 3D<\/li>\n<li>Profile XPXD<\/li>\n<li>Interior drawing<\/li>\n<li>Structural drawings<\/li>\n<li>Architectural drawings<\/li>\n<li>B\u1ea3ng kh\u00e1i to\u00e1n<\/li>\n<li>Electricity and water drawings<\/li>\n<\/ul>\n<\/td>\n<\/tr>\n<\/tbody>\n<\/table>\n<\/div>\n<p><em>*\u00a0 H\u1ea1ng m\u1ee5c d\u01b0\u1edbi 100m2 s\u1ebd t\u00ednh theo g\u00f3i (gi\u00e1 tr\u1ecb h\u1ee3p \u0111\u1ed3ng t\u1ed1i thi\u1ec3u l\u00e0 100 tri\u1ec7u\/b\u1ed9 h\u1ed3 s\u01a1)<\/em><\/p>\n\n\t\t<\/div>\n\t<\/div>\n<div class=\"vcex-spacing wpex-w-100 wpex-clear\" style=\"height:40px;\"><\/div><div class=\"vcex-module vcex-divider vcex-divider-solid wpex-max-w-100 wpex-mx-auto wpex-block wpex-h-0 wpex-border-b wpex-border-solid wpex-border-main\"><\/div><div class=\"vcex-spacing wpex-w-100 wpex-clear\" style=\"height:40px;\"><\/div><h1 class=\"vcex-heading vcex-module wpex-text-2xl wpex-font-normal wpex-m-auto wpex-max-w-100 vcex-heading-plain wpex-block wpex-text-center\" style=\"font-size:var(--wpex-text-lg);\"><span class=\"vcex-heading-inner wpex-inline-block wpex-clr\">PRICE LIST OF FULL CONSTRUCTION<\/span><\/h1><div class=\"vcex-spacing wpex-w-100 wpex-clear\" style=\"height:40px;\"><\/div>\n\t<div style=\"color:#888888;\" class=\"wpb_text_column has-custom-color wpex-child-inherit-color wpb_content_element\" >\n\t\t<div class=\"wpb_wrapper\">\n\t\t\t<div class=\"table-responsive\">\n<table class=\"kavila-table table\">\n<thead>\n<tr>\n<th style=\"width: 6%;\">STT<\/th>\n<th style=\"width: 47%;\">Categories<\/th>\n<th style=\"width: 47%;\">Package construction<\/th>\n<\/tr>\n<\/thead>\n<tbody>\n<tr>\n<td>1<\/td>\n<td>Modern Villa<\/td>\n<td>25-30 tri\u1ec7u\/m2<\/td>\n<\/tr>\n<tr>\n<td style=\"border-top: 1px solid #dee2e6;\">2<\/td>\n<td style=\"border-top: 1px solid #dee2e6;\">Neoclassical Villa<\/td>\n<td style=\"border-top: 1px solid #dee2e6;\">25-30 tri\u1ec7u\/m2<\/td>\n<\/tr>\n<tr>\n<td>3<\/td>\n<td>Apartments, penthouses<\/td>\n<td>25-30 tri\u1ec7u\/m2<\/td>\n<\/tr>\n<tr>\n<td>4<\/td>\n<td>Service works<\/td>\n<td>Theo th\u1ec3 lo\u1ea1i c\u00f4ng tr\u00ecnh<\/td>\n<\/tr>\n<\/tbody>\n<\/table>\n<\/div>\n\n\t\t<\/div>\n\t<\/div>\n<div class=\"vcex-spacing wpex-w-100 wpex-clear\" style=\"height:40px;\"><\/div><\/div><\/div><\/div><\/div><div class=\"vc_row wpb_row vc_row-fluid\"><div class=\"wpb_column vc_column_container vc_col-sm-12\"><div class=\"vc_column-inner\"><div class=\"wpb_wrapper\">\n\t<div class=\"wpb_text_column wpb_content_element\" >\n\t\t<div class=\"wpb_wrapper\">\n\t\t\t\n\t\t<\/div>\n\t<\/div>\n<\/div><\/div><\/div><\/div>","protected":false},"excerpt":{"rendered":"\u0110\u01a1n gi\u00e1H\u1ee3p \u0111\u1ed3ngB\u00e1o gi\u00e1\u0110\u01a1n gi\u00e1H\u1ee3p \u0111\u1ed3ngB\u00e1o gi\u00e1B\u1ea2NG GI\u00c1 THI\u1ebeT K\u1ebe STT H\u1ea1ng m\u1ee5c Thi\u1ebft k\u1ebf 1 Villa hi\u1ec7n \u0111\u1ea1i | Tropical 800.000 - 1.200.000 \u0111\/m2 2 Villa T\u00e2n c\u1ed5 \u0111i\u1ec3n | C\u1ed5 \u0111i\u1ec3n 800.000 - 1.200.000 \u0111\/m2 3 C\u0103n h\u1ed9, penthouses 800.000 - 1.200.000 \u0111\/m2 4 C\u00f4ng tr\u00ecnh d\u1ecbch v\u1ee5 800.000 - 1.200.000 \u0111\/m2 5&hellip;","protected":false},"author":1,"featured_media":0,"parent":111,"menu_order":1,"comment_status":"closed","ping_status":"closed","template":"","meta":{"footnotes":""},"class_list":["post-1207","page","type-page","status-publish","hentry","entry","no-media"],"yoast_head":"<!-- This site is optimized with the Yoast SEO plugin v27.2 - https:\/\/yoast.com\/product\/yoast-seo-wordpress\/ -->\n<title>\u0110\u01a1n gi\u00e1 - KAVILA ARCHITECTURE<\/title>\n<meta name=\"robots\" content=\"index, follow, max-snippet:-1, max-image-preview:large, max-video-preview:-1\" \/>\n<link rel=\"canonical\" href=\"https:\/\/kavila.vn\/en\/bang-gia\/don-gia\/\" \/>\n<meta property=\"og:locale\" content=\"en_US\" \/>\n<meta property=\"og:type\" content=\"article\" \/>\n<meta property=\"og:title\" content=\"\u0110\u01a1n gi\u00e1 - KAVILA ARCHITECTURE\" \/>\n<meta property=\"og:url\" content=\"https:\/\/kavila.vn\/en\/bang-gia\/don-gia\/\" \/>\n<meta property=\"og:site_name\" content=\"KAVILA ARCHITECTURE\" \/>\n<meta property=\"article:publisher\" content=\"https:\/\/www.facebook.com\/Kavila.vn\/\" \/>\n<meta property=\"article:modified_time\" content=\"2026-03-24T04:10:59+00:00\" \/>\n<meta name=\"twitter:card\" content=\"summary_large_image\" \/>\n<meta name=\"twitter:label1\" content=\"Est. reading time\" \/>\n\t<meta name=\"twitter:data1\" content=\"1 minute\" \/>\n<script type=\"application\/ld+json\" class=\"yoast-schema-graph\">{\"@context\":\"https:\/\/schema.org\",\"@graph\":[{\"@type\":\"WebPage\",\"@id\":\"https:\/\/kavila.vn\/bang-gia\/don-gia\/\",\"url\":\"https:\/\/kavila.vn\/bang-gia\/don-gia\/\",\"name\":\"\u0110\u01a1n gi\u00e1 - KAVILA ARCHITECTURE\",\"isPartOf\":{\"@id\":\"https:\/\/kavila.vn\/#website\"},\"datePublished\":\"2022-10-24T06:41:07+00:00\",\"dateModified\":\"2026-03-24T04:10:59+00:00\",\"breadcrumb\":{\"@id\":\"https:\/\/kavila.vn\/bang-gia\/don-gia\/#breadcrumb\"},\"inLanguage\":\"en-US\",\"potentialAction\":[{\"@type\":\"ReadAction\",\"target\":[\"https:\/\/kavila.vn\/bang-gia\/don-gia\/\"]}]},{\"@type\":\"BreadcrumbList\",\"@id\":\"https:\/\/kavila.vn\/bang-gia\/don-gia\/#breadcrumb\",\"itemListElement\":[{\"@type\":\"ListItem\",\"position\":1,\"name\":\"Trang ch\u1ee7\",\"item\":\"https:\/\/kavila.vn\/\"},{\"@type\":\"ListItem\",\"position\":2,\"name\":\"B\u1ea3ng gi\u00e1\",\"item\":\"https:\/\/kavila.vn\/bang-gia\/\"},{\"@type\":\"ListItem\",\"position\":3,\"name\":\"\u0110\u01a1n gi\u00e1\"}]},{\"@type\":\"WebSite\",\"@id\":\"https:\/\/kavila.vn\/#website\",\"url\":\"https:\/\/kavila.vn\/\",\"name\":\"KAVILA ARCHITECTURE\",\"description\":\"\",\"publisher\":{\"@id\":\"https:\/\/kavila.vn\/#organization\"},\"potentialAction\":[{\"@type\":\"SearchAction\",\"target\":{\"@type\":\"EntryPoint\",\"urlTemplate\":\"https:\/\/kavila.vn\/?s={search_term_string}\"},\"query-input\":{\"@type\":\"PropertyValueSpecification\",\"valueRequired\":true,\"valueName\":\"search_term_string\"}}],\"inLanguage\":\"en-US\"},{\"@type\":\"Organization\",\"@id\":\"https:\/\/kavila.vn\/#organization\",\"name\":\"KAVILA ARCHITECTURE\",\"url\":\"https:\/\/kavila.vn\/\",\"logo\":{\"@type\":\"ImageObject\",\"inLanguage\":\"en-US\",\"@id\":\"https:\/\/kavila.vn\/#\/schema\/logo\/image\/\",\"url\":\"https:\/\/kavila.vn\/wp-content\/uploads\/2022\/11\/favicon.png\",\"contentUrl\":\"https:\/\/kavila.vn\/wp-content\/uploads\/2022\/11\/favicon.png\",\"width\":512,\"height\":512,\"caption\":\"KAVILA ARCHITECTURE\"},\"image\":{\"@id\":\"https:\/\/kavila.vn\/#\/schema\/logo\/image\/\"},\"sameAs\":[\"https:\/\/www.facebook.com\/Kavila.vn\/\"]}]}<\/script>\n<!-- \/ Yoast SEO plugin. -->","yoast_head_json":{"title":"\u0110\u01a1n gi\u00e1 - KAVILA ARCHITECTURE","robots":{"index":"index","follow":"follow","max-snippet":"max-snippet:-1","max-image-preview":"max-image-preview:large","max-video-preview":"max-video-preview:-1"},"canonical":"https:\/\/kavila.vn\/en\/bang-gia\/don-gia\/","og_locale":"en_US","og_type":"article","og_title":"\u0110\u01a1n gi\u00e1 - KAVILA ARCHITECTURE","og_url":"https:\/\/kavila.vn\/en\/bang-gia\/don-gia\/","og_site_name":"KAVILA ARCHITECTURE","article_publisher":"https:\/\/www.facebook.com\/Kavila.vn\/","article_modified_time":"2026-03-24T04:10:59+00:00","twitter_card":"summary_large_image","twitter_misc":{"Est. reading time":"1 minute"},"schema":{"@context":"https:\/\/schema.org","@graph":[{"@type":"WebPage","@id":"https:\/\/kavila.vn\/bang-gia\/don-gia\/","url":"https:\/\/kavila.vn\/bang-gia\/don-gia\/","name":"\u0110\u01a1n gi\u00e1 - KAVILA ARCHITECTURE","isPartOf":{"@id":"https:\/\/kavila.vn\/#website"},"datePublished":"2022-10-24T06:41:07+00:00","dateModified":"2026-03-24T04:10:59+00:00","breadcrumb":{"@id":"https:\/\/kavila.vn\/bang-gia\/don-gia\/#breadcrumb"},"inLanguage":"en-US","potentialAction":[{"@type":"ReadAction","target":["https:\/\/kavila.vn\/bang-gia\/don-gia\/"]}]},{"@type":"BreadcrumbList","@id":"https:\/\/kavila.vn\/bang-gia\/don-gia\/#breadcrumb","itemListElement":[{"@type":"ListItem","position":1,"name":"Trang ch\u1ee7","item":"https:\/\/kavila.vn\/"},{"@type":"ListItem","position":2,"name":"B\u1ea3ng gi\u00e1","item":"https:\/\/kavila.vn\/bang-gia\/"},{"@type":"ListItem","position":3,"name":"\u0110\u01a1n gi\u00e1"}]},{"@type":"WebSite","@id":"https:\/\/kavila.vn\/#website","url":"https:\/\/kavila.vn\/","name":"KAVILA ARCHITECTURE","description":"","publisher":{"@id":"https:\/\/kavila.vn\/#organization"},"potentialAction":[{"@type":"SearchAction","target":{"@type":"EntryPoint","urlTemplate":"https:\/\/kavila.vn\/?s={search_term_string}"},"query-input":{"@type":"PropertyValueSpecification","valueRequired":true,"valueName":"search_term_string"}}],"inLanguage":"en-US"},{"@type":"Organization","@id":"https:\/\/kavila.vn\/#organization","name":"KAVILA ARCHITECTURE","url":"https:\/\/kavila.vn\/","logo":{"@type":"ImageObject","inLanguage":"en-US","@id":"https:\/\/kavila.vn\/#\/schema\/logo\/image\/","url":"https:\/\/kavila.vn\/wp-content\/uploads\/2022\/11\/favicon.png","contentUrl":"https:\/\/kavila.vn\/wp-content\/uploads\/2022\/11\/favicon.png","width":512,"height":512,"caption":"KAVILA ARCHITECTURE"},"image":{"@id":"https:\/\/kavila.vn\/#\/schema\/logo\/image\/"},"sameAs":["https:\/\/www.facebook.com\/Kavila.vn\/"]}]}},"_links":{"self":[{"href":"https:\/\/kavila.vn\/en\/wp-json\/wp\/v2\/pages\/1207","targetHints":{"allow":["GET"]}}],"collection":[{"href":"https:\/\/kavila.vn\/en\/wp-json\/wp\/v2\/pages"}],"about":[{"href":"https:\/\/kavila.vn\/en\/wp-json\/wp\/v2\/types\/page"}],"author":[{"embeddable":true,"href":"https:\/\/kavila.vn\/en\/wp-json\/wp\/v2\/users\/1"}],"replies":[{"embeddable":true,"href":"https:\/\/kavila.vn\/en\/wp-json\/wp\/v2\/comments?post=1207"}],"version-history":[{"count":9,"href":"https:\/\/kavila.vn\/en\/wp-json\/wp\/v2\/pages\/1207\/revisions"}],"predecessor-version":[{"id":4514,"href":"https:\/\/kavila.vn\/en\/wp-json\/wp\/v2\/pages\/1207\/revisions\/4514"}],"up":[{"embeddable":true,"href":"https:\/\/kavila.vn\/en\/wp-json\/wp\/v2\/pages\/111"}],"wp:attachment":[{"href":"https:\/\/kavila.vn\/en\/wp-json\/wp\/v2\/media?parent=1207"}],"curies":[{"name":"wp","href":"https:\/\/api.w.org\/{rel}","templated":true}]}}