{"id":1209,"date":"2022-10-24T06:42:39","date_gmt":"2022-10-24T06:42:39","guid":{"rendered":"https:\/\/demo.kavila.vn\/?page_id=1209"},"modified":"2022-10-24T06:54:18","modified_gmt":"2022-10-24T06:54:18","slug":"dien-giai-vat-lieu","status":"publish","type":"page","link":"https:\/\/kavila.vn\/en\/bang-gia\/dien-giai-vat-lieu\/","title":{"rendered":"Material Interpretation"},"content":{"rendered":"<div class=\"vc_row wpb_row vc_row-fluid hidden-desktop-large no-bottom-margins\"><div class=\"wpb_column vc_column_container vc_col-sm-12\"><div class=\"vc_column-inner\"><div class=\"wpb_wrapper\"><nav class=\"vcex-module vcex-navbar wpex-clr home-mobile-menu align-center\" style=\"font-size:var(--wpex-text-sm);\"><div class=\"vcex-navbar-inner wpex-clr container\"><a href=\"https:\/\/kavila.vn\/en\/bang-gia\/don-gia\/\" class=\"vcex-navbar-link wpex-mb-5 theme-button minimal-border expanded wpex-text-base\"><span>Unit price<\/span><\/a><a href=\"https:\/\/kavila.vn\/en\/bang-gia\/hop-dong\/\" class=\"vcex-navbar-link wpex-mb-5 theme-button minimal-border expanded wpex-text-base\"><span>Contract<\/span><\/a><a href=\"https:\/\/kavila.vn\/en\/bang-gia\/bao-gia\/\" class=\"vcex-navbar-link wpex-mb-5 theme-button minimal-border expanded wpex-text-base\"><span>Quote<\/span><\/a><\/div><\/nav><\/div><\/div><\/div><\/div><div class=\"vc_row wpb_row vc_row-fluid visible-desktop-large no-bottom-margins\"><div class=\"wpb_column vc_column_container vc_col-sm-12\"><div class=\"vc_column-inner\"><div class=\"wpb_wrapper\"><div class=\"vcex-spacing wpex-w-100 wpex-clear\" style=\"height:40px;\"><\/div><nav class=\"vcex-module vcex-navbar wpex-clr home-desktop-menu align-center\" style=\"font-size:var(--wpex-text-sm);\"><div class=\"vcex-navbar-inner wpex-clr container wpex-last-mr-0\"><a href=\"https:\/\/kavila.vn\/en\/bang-gia\/don-gia\/\" class=\"vcex-navbar-link wpex-mr-5 wpex-mb-5 theme-button minimal-border wpex-text-base\"><span>Unit price<\/span><\/a><a href=\"https:\/\/kavila.vn\/en\/bang-gia\/hop-dong\/\" class=\"vcex-navbar-link wpex-mr-5 wpex-mb-5 theme-button minimal-border wpex-text-base\"><span>Contract<\/span><\/a><a href=\"https:\/\/kavila.vn\/en\/bang-gia\/bao-gia\/\" class=\"vcex-navbar-link wpex-mr-5 wpex-mb-5 theme-button minimal-border wpex-text-base\"><span>Quote<\/span><\/a><\/div><\/nav><\/div><\/div><\/div><\/div><div class=\"vc_row wpb_row vc_row-fluid no-bottom-margins\"><div class=\"wpb_column vc_column_container vc_col-sm-12\"><div class=\"vc_column-inner\"><div class=\"wpb_wrapper\"><div class=\"vcex-spacing wpex-w-100 wpex-clear\" style=\"height:40px;\"><\/div><h1 class=\"vcex-heading vcex-module wpex-text-2xl wpex-font-normal wpex-m-auto wpex-max-w-100 vcex-heading-plain wpex-block wpex-text-center\" style=\"font-size:var(--wpex-text-lg);\"><span class=\"vcex-heading-inner wpex-inline-block wpex-clr\">EXPLAIN MATERIAL<\/span><\/h1><div class=\"vcex-spacing wpex-w-100 wpex-clear\" style=\"height:40px;\"><\/div>\n\t<div style=\"color:#888888;\" class=\"wpb_text_column has-custom-color wpex-child-inherit-color wpb_content_element\" >\n\t\t<div class=\"wpb_wrapper\">\n\t\t\t<div class=\"table-responsive\">\n<table class=\"kavila-table table table-bordered\" style=\"width: 100%;\">\n<thead>\n<tr>\n<td style=\"text-align: center; vertical-align: middle; width: 15%;\"><strong>COMPLETE<\/strong><\/td>\n<td style=\"text-align: center; vertical-align: middle;\" colspan=\"3\"><strong>EXPLAIN MATERIAL<\/strong><\/td>\n<\/tr>\n<\/thead>\n<tbody>\n<tr>\n<td colspan=\"4\"><strong>Brick<\/strong><\/td>\n<\/tr>\n<tr>\n<td>Kimgress<\/td>\n<td colspan=\"3\"><a title=\"Kimgress 01\" href=\"\/en\/uploads\/image\/images\/A59JN4D00Lx1000.jpg\/\">A62YE4DR<\/a>, <a title=\"Kimgress 02\" href=\"\/en\/uploads\/image\/images\/A59TK1Dx1000.jpg\/\">AJ62AAF1DR<\/a>, <a title=\"Kimgress 03\" href=\"\/en\/uploads\/image\/images\/A80GQ1Dx1000.jpg\/\">A59JN4LOOL<\/a>, <a title=\"Kimgress 04\" href=\"\/en\/uploads\/image\/images\/A80GQ1Lx1000.jpg\/\">A59JNADOOL<\/a>, <a title=\"Kimgress A80GQ1L\" href=\"\/en\/uploads\/image\/files\/A80GQ1L%20(1)(1).jpg\/\">A80GQ1L<\/a>, <a title=\"Kimgress A80GQ1D\" href=\"\/en\/uploads\/image\/files\/A80GQ1D%20(1)(1).jpg\/\">A80GQ1D<\/a>, <a title=\"Kimgress A59TK1D\" href=\"\/en\/uploads\/image\/files\/A59TK1D%20(1)(2).jpg\/\">A59TK1D<\/a>, Ki\u1ec3m TRA<\/td>\n<\/tr>\n<tr>\n<td>Eurotile<\/td>\n<td colspan=\"3\"><a href=\"\/en\/uploads\/image\/images\/MMI%20M01.jpg\/\">M01-M06 MMI<\/a>, <a href=\"\/en\/uploads\/image\/images\/DAV%20D02.jpg\/\">DAS D01 \u2013 02<\/a>, <a href=\"\/en\/uploads\/image\/images\/PHS%20G01.jpg\/\">PHS G01<\/a>, <a href=\"\/en\/uploads\/image\/images\/LTH%20D04.jpg\/\">LTH D02 \u2013 03 \u2013 04<\/a>, <a href=\"\/en\/uploads\/image\/images\/VOC%2001.jpg\/\">VOC 01 \u2013 03<\/a>, <a href=\"\/en\/uploads\/image\/images\/NGC%2002.jpg\/\">NGC 01 - 03<\/a>, <a href=\"\/en\/uploads\/image\/images\/MOL%20I04.jpg\/\">MOL 01 - 02 - 03 - 04 - 05<\/a><\/td>\n<\/tr>\n<tr>\n<td>Ceramic<\/td>\n<td colspan=\"3\"><a title=\"Vietceramic 612GT748039\" href=\"\/en\/uploads\/image\/files\/612GT748039(1).jpg\/\">75LVBL \u2013 612GT748039<\/a>,\u00a0<a title=\"Vietceramic 612HELARE\" href=\"\/en\/uploads\/image\/files\/612HELARE%20(1).jpg\/\">612HELARE<\/a> , <a title=\"Vietcetamic 33MEBLA\" href=\"\/en\/uploads\/image\/files\/33MEBLA%20(1).jpg\/\">33MEBLA<\/a>, <a title=\"Vietceramic 75150BVCO\" href=\"\/en\/uploads\/image\/files\/75150%20BVCO%20(1).jpg\/\">75150BVCO<\/a>, <a title=\"Vietceramic 75150MAGR\" href=\"\/en\/uploads\/image\/files\/75150MAGR%20(2).jpg\/\">75150MAGR<\/a>, <a title=\"Vietceramic 1224MVCA\" href=\"\/en\/uploads\/image\/files\/1224MVCA%20(2).jpg\/\">1224MVCA<\/a><\/td>\n<\/tr>\n<tr>\n<td colspan=\"4\"><strong>Wood floor<\/strong><\/td>\n<\/tr>\n<tr>\n<td>Natural wood<\/td>\n<td colspan=\"3\"><a title=\"Natural wood CAS3444SU\" href=\"\/en\/uploads\/image\/files\/CAS3444SU(1).jpg\/\">CAS3444SU<\/a>, <a title=\"Natural wood CAS1356SU\" href=\"\/en\/uploads\/image\/files\/CAS3444SU(1)(1).jpg\/\">CAS1356SU<\/a>, <a title=\"Natural wood IMP1624SU\" href=\"\/en\/uploads\/image\/files\/IMP1624SU%20(1).jpg\/\">IMP1624SU<\/a><\/td>\n<\/tr>\n<tr>\n<td>Wood Industry<\/td>\n<td colspan=\"3\"><a title=\"Industrial wood IMU1849\" href=\"\/en\/uploads\/image\/files\/IMU1849%20(1).jpg\/\">IMU1849<\/a>, <a title=\"Industrial wood IMU1848\" href=\"\/en\/uploads\/image\/files\/IMU1848%20(1).jpg\/\">IMU1848<\/a>, <a title=\"Industrial wood IMU1860\" href=\"\/en\/uploads\/image\/files\/IMU1860%20(1).jpg\/\">IMU1860<\/a>, <a title=\"Industrial wood IMU3439\" href=\"\/en\/uploads\/image\/files\/IMU3439%20(1).jpg\/\">IMU3439<\/a>, <a title=\"Industrial wood IMU1854\" href=\"\/en\/uploads\/image\/files\/IMU1854%20(1).jpg\/\">IMU1854<\/a>, <a title=\"Industrial wood IMU1855\" href=\"\/en\/uploads\/image\/files\/IMU1855%20(1).jpg\/\">IMU1855<\/a><\/td>\n<\/tr>\n<tr>\n<td colspan=\"4\"><strong>Granite<\/strong><\/td>\n<\/tr>\n<tr>\n<td>Natural stone<\/td>\n<td colspan=\"3\"><a title=\"Volakas\" href=\"\/en\/uploads\/image\/files\/VOLAKAS%20(1)(1).jpg\/\">Volakas<\/a>, <a title=\"Lightning\" href=\"\/en\/uploads\/image\/files\/tia%20ch%E1%BB%9Bp%20(1)(1).jpg\/\">lightning<\/a>, <a title=\"Polaris\" href=\"\/en\/uploads\/image\/files\/Polaris%20(1)(1).jpg\/\">Polaris<\/a>, <a title=\"Daino\" href=\"\/en\/uploads\/image\/files\/DAINO%20(1)(1).jpg\/\">Daino<\/a>, <a title=\"Wooden beige\" href=\"\/en\/uploads\/image\/files\/Wooden%20beige%20(1)(1).jpg\/\">Wooden beige<\/a>, <a title=\"wood grain white\" href=\"\/en\/uploads\/image\/files\/tr%E1%BA%AFng%20v%C3%A2n%20g%E1%BB%97%20(1)(1).jpg\/\">wood grain white<\/a>, <a title=\"White mother of pearl\" href=\"\/en\/uploads\/image\/files\/tr%E1%BA%AFng%20x%C3%A0%20c%E1%BB%AB%20(1)(1).jpg\/\">mother-of-pearl white<\/a><\/td>\n<\/tr>\n<tr>\n<td>Garden stone<\/td>\n<td colspan=\"3\"><a title=\"Basalt is not\" href=\"\/en\/uploads\/image\/files\/Bazan%20kh%C3%B2(1).jpg\/\">Basalt is not<\/a>, <a title=\"face minced basalt\" href=\"\/en\/uploads\/image\/files\/%C4%90%C3%A1%20bazan%20b%C4%83m%20(1).jpg\/\">face minced basalt<\/a>, <a title=\"Melon striped ice\" href=\"\/en\/uploads\/image\/files\/%C4%90%C3%A1%20s%E1%BB%8Dc%20d%C6%B0a%20(1).jpg\/\">melon striped stone<\/a>, <a title=\"Tough sandstone\" href=\"\/en\/uploads\/image\/files\/%C4%90%C3%A1%20sa%20th%E1%BA%A1ch%20kh%C3%B2%20(1).jpg\/\">dry sandstone<\/a><\/td>\n<\/tr>\n<tr>\n<td colspan=\"4\"><strong>Facade decoration materials<\/strong><\/td>\n<\/tr>\n<tr>\n<td>\u2013 Conwood<\/td>\n<td colspan=\"3\"><a title=\"Conwood 75x3050x8\" href=\"\/en\/uploads\/image\/files\/Lath3Cut8-1.jpg\/\">75x3050x8<\/a>, <a title=\"Conwood 100x3050x11\" href=\"\/en\/uploads\/image\/files\/Lath4Cut11(1).jpg\/\">100x3050x11<\/a>, <a title=\"Conwood 50x3050x25\" href=\"\/en\/uploads\/image\/files\/plank2%2025.jpg\/\">50x3050x25<\/a>, <a title=\"Conwood 100x3050x25\" href=\"\/en\/uploads\/image\/files\/Lank1-25(1).jpg\/\">1<\/a><a title=\"Conwood 100x3050x25\" href=\"\/en\/uploads\/image\/files\/Lank1-25(1).jpg\/\">00x3050x25<\/a><\/td>\n<\/tr>\n<tr>\n<td>\u2013 Biowood<\/td>\n<td colspan=\"3\"><a title=\"LV10524\" href=\"\/en\/uploads\/image\/files\/LV15024(1)(1).jpg\/\">LV10524<\/a>, <a title=\"WPO24030\" href=\"\/en\/uploads\/image\/files\/WPO24030%20(1).jpg\/\">WPO24030<\/a>, <a title=\"WPO18033\" href=\"\/en\/uploads\/image\/files\/WPO%2018033%20(1).jpg\/\">WPO18033<\/a><\/td>\n<\/tr>\n<tr>\n<td colspan=\"4\"><strong>Water paint<\/strong><\/td>\n<\/tr>\n<tr>\n<td>\u2013 Prescription<\/td>\n<td colspan=\"3\"><a class=\"TOA 8435\" href=\"\/en\/uploads\/image\/files\/TOA%208435(1).jpg\/\">8435<\/a>, <a title=\"TOA 8294\" href=\"\/en\/uploads\/image\/files\/TOA%208294(1)(1).jpg\/\">8294<\/a><\/td>\n<\/tr>\n<tr>\n<td>\u2013 Jotun<\/td>\n<td colspan=\"3\"><\/td>\n<\/tr>\n<tr>\n<td><strong>TBVS<\/strong><\/td>\n<td>Lavabo + faucet<\/td>\n<td>Shower<\/td>\n<td>Toilet<\/td>\n<\/tr>\n<tr>\n<td>\u2013 Bravat<\/td>\n<td><a title=\"Bravat C22286W-1-ENG\" href=\"\/en\/uploads\/image\/files\/C22286W-1-ENG%20(1)(1).jpg\/\">C22286W-1-ENG<\/a>, <a title=\"Bravat C22206W-ENG\" href=\"\/en\/uploads\/image\/files\/C22206W-ENG%20(1).jpg\/\">C22206W-ENG<\/a>, <a title=\"Bravat C22212W-ENG\" href=\"\/en\/uploads\/image\/files\/C22212W-ENG%20(1).jpg\/\">C22212W-ENG<\/a>, <a title=\"Bravat F1173218CP-A-ENG\" href=\"\/en\/uploads\/image\/files\/F1173218CP-A-ENG%20(1).jpg\/\">F1173218CP<\/a>,\u00a0<a title=\"Bravat F156101C\" href=\"\/en\/uploads\/image\/files\/F156101C-ENG(1)%20(1).jpg\/\">F156101C<\/a><\/td>\n<td><a title=\"Bravat P7078C-ENG\" href=\"\/en\/uploads\/image\/files\/P7078C-ENG(1).jpg\/\">P7078C<\/a>, <a title=\"Bravat F856101C-A-ENG\" href=\"\/en\/uploads\/image\/files\/F856101C-A-ENG%20(1).jpg\/\">F856101C<\/a><\/td>\n<td><a title=\"Bravat C2181UW-P-ENG\" href=\"\/en\/uploads\/image\/files\/C2181UW-P-ENG(1).jpg\/\">C2181UW-P-ENG<\/a>, <a title=\"Bravat C21176UW-ENG\" href=\"\/en\/uploads\/image\/files\/C21176UW-ENG%20(1).jpg\/\">C21176UW-ENG<\/a><\/td>\n<\/tr>\n<tr>\n<td>\u2013 Toto<\/td>\n<td colspan=\"3\"><a title=\"Toto 1DLB301\" href=\"\/en\/uploads\/image\/files\/1DLB301(1).jpg\/\">1DLB301<\/a>, <a title=\"Toto 1DLB303\" href=\"\/en\/uploads\/image\/files\/1DLB303%20(1).jpg\/\">1DLB303<\/a>, <a title=\"Toto LT953\" href=\"\/en\/uploads\/image\/files\/LT953%20(1).jpg\/\">LT953<\/a>, <a title=\"Toto TX469SQBR\" href=\"\/en\/uploads\/image\/files\/TX469SQBR_%20(1).jpg\/\">TX469SQBR<\/a>, <a title=\"Toto TX491SQN\" href=\"\/en\/uploads\/image\/files\/TX491SQN_%20(1).jpg\/\">TX491SQN<\/a><\/td>\n<\/tr>\n<tr>\n<td style=\"width: 151px;\">\u2013 Caesar + Inax<\/td>\n<td colspan=\"3\"><a title=\"Caesar B302C\" href=\"\/en\/uploads\/image\/files\/B302C(1).jpg\/\">B302C<\/a>, <a title=\"Caesar BFV \u2013 285\" href=\"\/en\/uploads\/image\/files\/BFV-28S%20(1).jpg\/\">BFV \u2013 285<\/a><\/td>\n<\/tr>\n<\/tbody>\n<\/table>\n<table class=\"kavila-table table table-bordered\" style=\"width: 100%;\">\n<thead>\n<tr>\n<td style=\"text-align: center; vertical-align: middle; width: 15%;\"><strong>FURNITURE<\/strong><\/td>\n<td style=\"text-align: center; vertical-align: middle;\" colspan=\"4\"><strong>EXPLAIN MATERIAL<\/strong><\/td>\n<\/tr>\n<\/thead>\n<tbody>\n<tr>\n<td style=\"width: 123px;\"><strong>Solid wood plank<\/strong><\/td>\n<td colspan=\"4\"><\/td>\n<\/tr>\n<tr>\n<td style=\"width: 123px;\">Laminate<\/td>\n<td colspan=\"4\"><a title=\"Laminate LK1121\" href=\"\/en\/uploads\/image\/files\/LK1121L(1).jpg\/\">LK1121<\/a>, <a title=\"Laminate 445RL\" href=\"\/en\/uploads\/image\/files\/445RL.jpg\/\">445RL<\/a><\/td>\n<\/tr>\n<tr>\n<td style=\"width: 123px;\">Melamine<\/td>\n<td colspan=\"4\"><a title=\"Melamine 230S\" href=\"\/en\/uploads\/image\/files\/MS230S%20(1).jpg\/\">230S<\/a>, <a title=\"Melamine 203PL\" href=\"\/en\/uploads\/image\/files\/MS230PL%20(1)(1).jpg\/\">230PL<\/a>, <a title=\"Melamine 201PL\" href=\"\/en\/uploads\/image\/files\/MS201PL%20(1).jpg\/\">201PL<\/a>, <a title=\"Melamine 430BT\" href=\"\/en\/uploads\/image\/files\/MS430BT%20(1).jpg\/\">430BT<\/a>, <a title=\"Melamine 338PL\" href=\"\/en\/uploads\/image\/files\/MS338T%20(1).jpg\/\">338PL<\/a>, <a title=\"Melamine 101TILLION\" href=\"\/en\/uploads\/image\/files\/MS101T.jpg\/\">101BILLION<\/a>, <a title=\"Melamine 333PL\" href=\"\/en\/uploads\/image\/files\/MS333PL%20(1).jpg\/\">333PL<\/a>, <a title=\"Melamine 996NV\" href=\"\/en\/uploads\/image\/files\/MS996NV%20(1).jpg\/\">996NV<\/a>, <a title=\"Melamine 446FR\" href=\"\/en\/uploads\/image\/files\/MS446FR(1).jpg\/\">446FR<\/a><\/td>\n<\/tr>\n<tr>\n<td style=\"width: 123px;\">Acrylic<\/td>\n<td style=\"width: 631px;\" colspan=\"4\"><a title=\"Acrylic PARC87\" href=\"\/en\/uploads\/image\/files\/ARC87(1).jpg\/\">PARC87<\/a>, <a title=\"Acrylic PARC54\" href=\"\/en\/uploads\/image\/files\/PARC54%20(1).jpg\/\">PARC54<\/a>, <a title=\"Acrylic EARC16\" href=\"\/en\/uploads\/image\/files\/EARC16%20(1).jpg\/\">EARC16<\/a>, <a title=\"Acrylic EARC32\" href=\"\/en\/uploads\/image\/files\/EARC32%20(1).jpg\/\">EARC32<\/a><\/td>\n<\/tr>\n<tr>\n<td style=\"width: 123px;\"><strong>Kitchen equipment<\/strong><\/td>\n<td>Sink and faucet<\/td>\n<td>A kitchen<\/td>\n<td>Microwave \u2013 Oven<\/td>\n<td>Absorb smell<\/td>\n<\/tr>\n<tr>\n<td>Hafele<\/td>\n<td colspan=\"4\"><\/td>\n<\/tr>\n<tr>\n<td>Malloca<\/td>\n<td><a title=\"Malloca NERO K-50040\" href=\"\/en\/uploads\/image\/files\/NERO-K-50040jpg%20(1).jpg\/\">NERO K-50040<\/a>, <a title=\"Mallca MF-040\" href=\"\/en\/uploads\/image\/files\/MF-040jpg%20(1).jpg\/\">MF-040<\/a>, <a title=\"Malloca NERO K-45040\" href=\"\/en\/uploads\/image\/files\/NERO-K-45040jpg%20(1).jpg\/\">NERO K-45040<\/a>,<\/td>\n<td><a title=\"Malloca HIH-864\" href=\"\/en\/uploads\/image\/files\/HIH-864-1JPG%20(1).jpg\/\">HIH-864<\/a>, <a title=\"Malloca MH-03IRB WILL\" href=\"\/en\/uploads\/image\/files\/MH-03IRBjpg%20(1).jpg\/\">MH-03IRB WILL<\/a>, <a title=\"Malloca MH-04IR WILL\" href=\"\/en\/uploads\/image\/files\/MH-04IR-Sjpg%20(1).jpg\/\">MH-04IR WILL<\/a>, <a title=\"Malloca MI 732 SL\" href=\"\/en\/uploads\/image\/files\/MI-732-SLjpg%20(1).jpg\/\">MI 732 SL<\/a><\/td>\n<td><a title=\"Malloca MW-LX12\" href=\"\/en\/uploads\/image\/files\/MW-LX12jpg%20(1).jpg\/\">MW-LX12<\/a> , <a title=\"Malloca MOV-LX12\" href=\"\/en\/uploads\/image\/files\/MOV-LX12jpg%20(1).jpg\/\">MOV-LX12<\/a>, <a title=\"Malloca MW-927DE\" href=\"\/en\/uploads\/image\/files\/MW-927DEjpg%20(1).jpg\/\">MW-927DE<\/a>, <a title=\"Malloca MOV-65DE\" href=\"\/en\/uploads\/image\/files\/MOV-65DEjpg%20(1).jpg\/\">MOV-65DE<\/a><\/td>\n<td><a title=\"Malloca JOINT-I900A\" href=\"\/en\/uploads\/image\/files\/JOINT-I900AJPG%20(1).jpg\/\">JOINT-I900A<\/a>, <a title=\"Malloca THETA K1520\" href=\"\/en\/uploads\/image\/files\/THETA-K1520jpg%20(1).jpg\/\">THETA K1520<\/a>, <a title=\"Malloca MC-9053 ISLA\" href=\"\/en\/uploads\/image\/files\/MC-9053-ISLAjpg%20(1).jpg\/\">MC-9053 ISLA<\/a>, <a title=\"Malloca LIFT-K6008\" href=\"\/en\/uploads\/image\/files\/LIFT-K6008jpg%20(1).jpg\/\">LIFT-K6008<\/a><\/td>\n<\/tr>\n<tr>\n<td><strong>Kitchen accessories<\/strong><\/td>\n<td colspan=\"4\"><\/td>\n<\/tr>\n<tr>\n<td>Hafele<\/td>\n<td colspan=\"4\"><\/td>\n<\/tr>\n<tr>\n<td>Garis<\/td>\n<td colspan=\"4\"><\/td>\n<\/tr>\n<tr>\n<td><strong>Kitchen stone + island<\/strong><\/td>\n<td colspan=\"4\"><a title=\"Black diamond\" href=\"\/en\/uploads\/image\/files\/%C4%90%C3%81%20%C4%90EN%20KIM%20SA%20(1).jpg\/\">Black sequins<\/a>, <a title=\"Indian Black Stone\" href=\"\/en\/uploads\/image\/files\/%C4%90%C3%81%20%C4%90EN%20%E1%BA%A4N%20%C4%90%E1%BB%98%20(1).jpg\/\">black indian<\/a>, <a title=\"Porcelain white stone\" href=\"\/en\/uploads\/image\/files\/%C4%90%C3%81%20TR%E1%BA%AENG%20S%E1%BB%A8%20(1).jpg\/\">porcelain white<\/a><\/td>\n<\/tr>\n<\/tbody>\n<\/table>\n<\/div>\n\n\t\t<\/div>\n\t<\/div>\n<div class=\"vcex-spacing wpex-w-100 wpex-clear\" style=\"height:40px;\"><\/div><\/div><\/div><\/div><\/div><div class=\"vc_row wpb_row vc_row-fluid\"><div class=\"wpb_column vc_column_container vc_col-sm-12\"><div class=\"vc_column-inner\"><div class=\"wpb_wrapper\">\n\t<div class=\"wpb_text_column wpb_content_element\" >\n\t\t<div class=\"wpb_wrapper\">\n\t\t\t\n\t\t<\/div>\n\t<\/div>\n<\/div><\/div><\/div><\/div><div class=\"vc_row wpb_row vc_row-fluid\"><div class=\"wpb_column vc_column_container vc_col-sm-12\"><div class=\"vc_column-inner\"><div class=\"wpb_wrapper\">\n\t<div class=\"wpb_text_column wpb_content_element\" >\n\t\t<div class=\"wpb_wrapper\">\n\t\t\t\n\t\t<\/div>\n\t<\/div>\n<\/div><\/div><\/div><\/div>","protected":false},"excerpt":{"rendered":"\u0110\u01a1n gi\u00e1H\u1ee3p \u0111\u1ed3ngB\u00e1o gi\u00e1\u0110\u01a1n gi\u00e1H\u1ee3p \u0111\u1ed3ngB\u00e1o gi\u00e1DI\u1ec4N GI\u1ea2I V\u1eacT LI\u1ec6U HO\u00c0N THI\u1ec6N DI\u1ec4N GI\u1ea2I V\u1eacT LI\u1ec6U G\u1ea1ch Kimgress A62YE4DR, AJ62AAF1DR, A59JN4LOOL, A59JNADOOL, A80GQ1L, A80GQ1D, A59TK1D, Test Eurotile M01-M06 MMI, DAS D01 - 02, PHS G01, LTH D02 - 03 \u2013 04, VOC 01 \u2013 03, NGC 01 \u2013 03, MOL 01 \u2013 02 \u2013 03&hellip;","protected":false},"author":1,"featured_media":0,"parent":111,"menu_order":2,"comment_status":"closed","ping_status":"closed","template":"","meta":{"footnotes":""},"class_list":["post-1209","page","type-page","status-publish","hentry","entry","no-media"],"yoast_head":"<!-- This site is optimized with the Yoast SEO plugin v27.2 - https:\/\/yoast.com\/product\/yoast-seo-wordpress\/ -->\n<title>Di\u1ec5n gi\u1ea3i v\u1eadt li\u1ec7u - KAVILA ARCHITECTURE<\/title>\n<meta name=\"robots\" content=\"index, follow, max-snippet:-1, max-image-preview:large, max-video-preview:-1\" \/>\n<link rel=\"canonical\" href=\"https:\/\/kavila.vn\/en\/bang-gia\/dien-giai-vat-lieu\/\" \/>\n<meta property=\"og:locale\" content=\"en_US\" \/>\n<meta property=\"og:type\" content=\"article\" \/>\n<meta property=\"og:title\" content=\"Di\u1ec5n gi\u1ea3i v\u1eadt li\u1ec7u - KAVILA ARCHITECTURE\" \/>\n<meta property=\"og:url\" content=\"https:\/\/kavila.vn\/en\/bang-gia\/dien-giai-vat-lieu\/\" \/>\n<meta property=\"og:site_name\" content=\"KAVILA ARCHITECTURE\" \/>\n<meta property=\"article:publisher\" content=\"https:\/\/www.facebook.com\/Kavila.vn\/\" \/>\n<meta property=\"article:modified_time\" content=\"2022-10-24T06:54:18+00:00\" \/>\n<meta name=\"twitter:card\" content=\"summary_large_image\" \/>\n<meta name=\"twitter:label1\" content=\"Est. reading time\" \/>\n\t<meta name=\"twitter:data1\" content=\"2 minutes\" \/>\n<script type=\"application\/ld+json\" class=\"yoast-schema-graph\">{\"@context\":\"https:\/\/schema.org\",\"@graph\":[{\"@type\":\"WebPage\",\"@id\":\"https:\/\/kavila.vn\/bang-gia\/dien-giai-vat-lieu\/\",\"url\":\"https:\/\/kavila.vn\/bang-gia\/dien-giai-vat-lieu\/\",\"name\":\"Di\u1ec5n gi\u1ea3i v\u1eadt li\u1ec7u - KAVILA ARCHITECTURE\",\"isPartOf\":{\"@id\":\"https:\/\/kavila.vn\/#website\"},\"datePublished\":\"2022-10-24T06:42:39+00:00\",\"dateModified\":\"2022-10-24T06:54:18+00:00\",\"breadcrumb\":{\"@id\":\"https:\/\/kavila.vn\/bang-gia\/dien-giai-vat-lieu\/#breadcrumb\"},\"inLanguage\":\"en-US\",\"potentialAction\":[{\"@type\":\"ReadAction\",\"target\":[\"https:\/\/kavila.vn\/bang-gia\/dien-giai-vat-lieu\/\"]}]},{\"@type\":\"BreadcrumbList\",\"@id\":\"https:\/\/kavila.vn\/bang-gia\/dien-giai-vat-lieu\/#breadcrumb\",\"itemListElement\":[{\"@type\":\"ListItem\",\"position\":1,\"name\":\"Trang ch\u1ee7\",\"item\":\"https:\/\/kavila.vn\/\"},{\"@type\":\"ListItem\",\"position\":2,\"name\":\"B\u1ea3ng gi\u00e1\",\"item\":\"https:\/\/kavila.vn\/bang-gia\/\"},{\"@type\":\"ListItem\",\"position\":3,\"name\":\"Di\u1ec5n gi\u1ea3i v\u1eadt li\u1ec7u\"}]},{\"@type\":\"WebSite\",\"@id\":\"https:\/\/kavila.vn\/#website\",\"url\":\"https:\/\/kavila.vn\/\",\"name\":\"KAVILA ARCHITECTURE\",\"description\":\"\",\"publisher\":{\"@id\":\"https:\/\/kavila.vn\/#organization\"},\"potentialAction\":[{\"@type\":\"SearchAction\",\"target\":{\"@type\":\"EntryPoint\",\"urlTemplate\":\"https:\/\/kavila.vn\/?s={search_term_string}\"},\"query-input\":{\"@type\":\"PropertyValueSpecification\",\"valueRequired\":true,\"valueName\":\"search_term_string\"}}],\"inLanguage\":\"en-US\"},{\"@type\":\"Organization\",\"@id\":\"https:\/\/kavila.vn\/#organization\",\"name\":\"KAVILA ARCHITECTURE\",\"url\":\"https:\/\/kavila.vn\/\",\"logo\":{\"@type\":\"ImageObject\",\"inLanguage\":\"en-US\",\"@id\":\"https:\/\/kavila.vn\/#\/schema\/logo\/image\/\",\"url\":\"https:\/\/kavila.vn\/wp-content\/uploads\/2022\/11\/favicon.png\",\"contentUrl\":\"https:\/\/kavila.vn\/wp-content\/uploads\/2022\/11\/favicon.png\",\"width\":512,\"height\":512,\"caption\":\"KAVILA ARCHITECTURE\"},\"image\":{\"@id\":\"https:\/\/kavila.vn\/#\/schema\/logo\/image\/\"},\"sameAs\":[\"https:\/\/www.facebook.com\/Kavila.vn\/\"]}]}<\/script>\n<!-- \/ Yoast SEO plugin. -->","yoast_head_json":{"title":"Di\u1ec5n gi\u1ea3i v\u1eadt li\u1ec7u - KAVILA ARCHITECTURE","robots":{"index":"index","follow":"follow","max-snippet":"max-snippet:-1","max-image-preview":"max-image-preview:large","max-video-preview":"max-video-preview:-1"},"canonical":"https:\/\/kavila.vn\/en\/bang-gia\/dien-giai-vat-lieu\/","og_locale":"en_US","og_type":"article","og_title":"Di\u1ec5n gi\u1ea3i v\u1eadt li\u1ec7u - KAVILA ARCHITECTURE","og_url":"https:\/\/kavila.vn\/en\/bang-gia\/dien-giai-vat-lieu\/","og_site_name":"KAVILA ARCHITECTURE","article_publisher":"https:\/\/www.facebook.com\/Kavila.vn\/","article_modified_time":"2022-10-24T06:54:18+00:00","twitter_card":"summary_large_image","twitter_misc":{"Est. reading time":"2 minutes"},"schema":{"@context":"https:\/\/schema.org","@graph":[{"@type":"WebPage","@id":"https:\/\/kavila.vn\/bang-gia\/dien-giai-vat-lieu\/","url":"https:\/\/kavila.vn\/bang-gia\/dien-giai-vat-lieu\/","name":"Di\u1ec5n gi\u1ea3i v\u1eadt li\u1ec7u - KAVILA ARCHITECTURE","isPartOf":{"@id":"https:\/\/kavila.vn\/#website"},"datePublished":"2022-10-24T06:42:39+00:00","dateModified":"2022-10-24T06:54:18+00:00","breadcrumb":{"@id":"https:\/\/kavila.vn\/bang-gia\/dien-giai-vat-lieu\/#breadcrumb"},"inLanguage":"en-US","potentialAction":[{"@type":"ReadAction","target":["https:\/\/kavila.vn\/bang-gia\/dien-giai-vat-lieu\/"]}]},{"@type":"BreadcrumbList","@id":"https:\/\/kavila.vn\/bang-gia\/dien-giai-vat-lieu\/#breadcrumb","itemListElement":[{"@type":"ListItem","position":1,"name":"Trang ch\u1ee7","item":"https:\/\/kavila.vn\/"},{"@type":"ListItem","position":2,"name":"B\u1ea3ng gi\u00e1","item":"https:\/\/kavila.vn\/bang-gia\/"},{"@type":"ListItem","position":3,"name":"Di\u1ec5n gi\u1ea3i v\u1eadt li\u1ec7u"}]},{"@type":"WebSite","@id":"https:\/\/kavila.vn\/#website","url":"https:\/\/kavila.vn\/","name":"KAVILA ARCHITECTURE","description":"","publisher":{"@id":"https:\/\/kavila.vn\/#organization"},"potentialAction":[{"@type":"SearchAction","target":{"@type":"EntryPoint","urlTemplate":"https:\/\/kavila.vn\/?s={search_term_string}"},"query-input":{"@type":"PropertyValueSpecification","valueRequired":true,"valueName":"search_term_string"}}],"inLanguage":"en-US"},{"@type":"Organization","@id":"https:\/\/kavila.vn\/#organization","name":"KAVILA ARCHITECTURE","url":"https:\/\/kavila.vn\/","logo":{"@type":"ImageObject","inLanguage":"en-US","@id":"https:\/\/kavila.vn\/#\/schema\/logo\/image\/","url":"https:\/\/kavila.vn\/wp-content\/uploads\/2022\/11\/favicon.png","contentUrl":"https:\/\/kavila.vn\/wp-content\/uploads\/2022\/11\/favicon.png","width":512,"height":512,"caption":"KAVILA ARCHITECTURE"},"image":{"@id":"https:\/\/kavila.vn\/#\/schema\/logo\/image\/"},"sameAs":["https:\/\/www.facebook.com\/Kavila.vn\/"]}]}},"_links":{"self":[{"href":"https:\/\/kavila.vn\/en\/wp-json\/wp\/v2\/pages\/1209","targetHints":{"allow":["GET"]}}],"collection":[{"href":"https:\/\/kavila.vn\/en\/wp-json\/wp\/v2\/pages"}],"about":[{"href":"https:\/\/kavila.vn\/en\/wp-json\/wp\/v2\/types\/page"}],"author":[{"embeddable":true,"href":"https:\/\/kavila.vn\/en\/wp-json\/wp\/v2\/users\/1"}],"replies":[{"embeddable":true,"href":"https:\/\/kavila.vn\/en\/wp-json\/wp\/v2\/comments?post=1209"}],"version-history":[{"count":0,"href":"https:\/\/kavila.vn\/en\/wp-json\/wp\/v2\/pages\/1209\/revisions"}],"up":[{"embeddable":true,"href":"https:\/\/kavila.vn\/en\/wp-json\/wp\/v2\/pages\/111"}],"wp:attachment":[{"href":"https:\/\/kavila.vn\/en\/wp-json\/wp\/v2\/media?parent=1209"}],"curies":[{"name":"wp","href":"https:\/\/api.w.org\/{rel}","templated":true}]}}