{"id":18,"date":"2022-05-20T03:03:13","date_gmt":"2022-05-20T03:03:13","guid":{"rendered":"https:\/\/total.wpexplorer.com\/victor\/?page_id=18"},"modified":"2026-03-24T14:35:56","modified_gmt":"2026-03-24T07:35:56","slug":"gioi-thieu","status":"publish","type":"page","link":"https:\/\/kavila.vn\/en\/gioi-thieu\/","title":{"rendered":"Introduce"},"content":{"rendered":"<div class=\"vc_row wpb_row vc_row-fluid hidden no-bottom-margins\"><div class=\"wpb_column vc_column_container vc_col-sm-12\"><div class=\"vc_column-inner\"><div class=\"wpb_wrapper\"><nav class=\"vcex-module vcex-navbar wpex-clr home-mobile-menu align-center\" style=\"font-size:var(--wpex-text-sm);\"><div class=\"vcex-navbar-inner wpex-clr container\"><a href=\"https:\/\/kavila.vn\/en\/gioi-thieu\/kts-trinh-thai-hoang\/\" class=\"vcex-navbar-link wpex-mb-5 theme-button minimal-border expanded wpex-text-base\"><span>Architects. Trinh Thai Hoang<\/span><\/a><a href=\"https:\/\/kavila.vn\/en\/gioi-thieu\/hinh-anh-cong-ty\/\" class=\"vcex-navbar-link wpex-mb-5 theme-button minimal-border expanded wpex-text-base\"><span>Company&#039;s face<\/span><\/a><a href=\"https:\/\/kavila.vn\/en\/gioi-thieu\/nhan-su-co-cau\/\" class=\"vcex-navbar-link wpex-mb-5 theme-button minimal-border expanded wpex-text-base\"><span>Personnel \u2013 Structure<\/span><\/a><\/div><\/nav><\/div><\/div><\/div><\/div><div class=\"vc_row wpb_row vc_row-fluid hidden no-bottom-margins\"><div class=\"wpb_column vc_column_container vc_col-sm-12\"><div class=\"vc_column-inner\"><div class=\"wpb_wrapper\"><div class=\"vcex-spacing wpex-w-100 wpex-clear\" style=\"height:40px;\"><\/div><nav class=\"vcex-module vcex-navbar wpex-clr home-desktop-menu align-center\" style=\"font-size:var(--wpex-text-sm);\"><div class=\"vcex-navbar-inner wpex-clr container wpex-last-mr-0\"><a href=\"https:\/\/kavila.vn\/en\/gioi-thieu\/kts-trinh-thai-hoang\/\" class=\"vcex-navbar-link wpex-mr-5 wpex-mb-5 theme-button minimal-border wpex-text-base\"><span>Architects. Trinh Thai Hoang<\/span><\/a><a href=\"https:\/\/kavila.vn\/en\/gioi-thieu\/hinh-anh-cong-ty\/\" class=\"vcex-navbar-link wpex-mr-5 wpex-mb-5 theme-button minimal-border wpex-text-base\"><span>Company&#039;s face<\/span><\/a><a href=\"https:\/\/kavila.vn\/en\/gioi-thieu\/nhan-su-co-cau\/\" class=\"vcex-navbar-link wpex-mr-5 wpex-mb-5 theme-button minimal-border wpex-text-base\"><span>Personnel \u2013 Structure<\/span><\/a><\/div><\/nav><\/div><\/div><\/div><\/div><div class=\"vc_row wpb_row vc_row-fluid vc_row-o-equal-height vc_row-flex wpex-vc-has-custom-column-spacing wpex-vc-column-spacing-10 no-bottom-margins\"><div class=\"wpb_column vc_column_container vc_col-sm-12\"><div class=\"vc_column-inner\"><div class=\"wpb_wrapper\"><div class=\"vcex-module vcex-image-banner wpex-flex wpex-flex-col wpex-justify-end wpex-relative wpex-overflow-hidden wpex-max-w-100 wpex-bg-gray-900 wpex-text-white wpex-text-left\"  style=\"min-height:600px;\"><span class=\"vcex-ib-img wpex-block wpex-z-1 wpex-transition-all wpex-duration-500 wpex-bg-cover wpex-absolute wpex-inset-0\" style=\"background-image:url(https:\/\/kavila.vn\/wp-content\/uploads\/2024\/05\/0U9A02971-scaled-1920x960.jpg);background-position:center center;\"><\/span><div class=\"vcex-ib-overlay wpex-absolute wpex-z-5 wpex-inset-0 wpex-transition-all wpex-duration-500\"><div class=\"vcex-ib-overlay-bg wpex-absolute wpex-inset-0 wpex-bg-black wpex-opacity-30\"><\/div><\/div><div class=\"vcex-ib-content-wrap wpex-z-10 wpex-w-100 wpex-transition-all wpex-duration-500 wpex-relative wpex-clr\" style=\"padding:40px;\"><div class=\"vcex-ib-content wpex-float-left wpex-mr-auto wpex-clr\"><h1 class=\"vcex-ib-title wpex-heading wpex-inherit-color-important\" style=\"font-size:var(--wpex-text-2xl);\">COMPANY INTRODUCTION<\/h1><\/div><\/div><\/div><\/div><\/div><\/div><\/div><div class=\"vc_row wpb_row vc_row-fluid no-bottom-margins\"><div class=\"wpb_column vc_column_container vc_col-sm-12\"><div class=\"vc_column-inner\"><div class=\"wpb_wrapper\"><div class=\"vcex-spacing wpex-w-100 wpex-clear\" style=\"height:80px;\"><\/div><h2 class=\"vcex-heading vcex-module wpex-text-2xl wpex-font-normal wpex-m-auto wpex-max-w-100 vcex-heading-plain wpex-block wpex-text-center\" style=\"font-size:var(--wpex-text-2xl);font-weight:600;\"><span class=\"vcex-heading-inner wpex-inline-block wpex-clr\">3 GI\u00c1 TR\u1eca KH\u00c1C BI\u1ec6T<\/span><\/h2><div class=\"vcex-spacing wpex-w-100 wpex-clear\" style=\"height:10px;\"><\/div><h3 class=\"vcex-heading vcex-module wpex-text-2xl wpex-font-normal wpex-m-auto wpex-max-w-100 vcex-heading-plain wpex-block wpex-text-center\" style=\"font-size:var(--wpex-text-lg);\"><span class=\"vcex-heading-inner wpex-inline-block wpex-clr\">KAVILA MANG \u0110\u1ebeN CHO KH\u00c1CH H\u00c0NG<\/span><\/h3><div class=\"vcex-spacing wpex-w-100 wpex-clear\" style=\"height:40px;\"><\/div><div class=\"vc_row wpb_row vc_inner vc_row-fluid vc_column-gap-35 vc_row-o-equal-height vc_row-flex no-bottom-margins\"><div class=\"wpb_column vc_column_container vc_col-sm-4 wpex-vc_col-has-fill\"><div class=\"vc_column-inner vc_custom_1774170692709\"><div class=\"wpb_wrapper\"><h4 class=\"vcex-heading vcex-module wpex-text-2xl wpex-font-normal wpex-m-auto wpex-max-w-100 vcex-heading-bottom-border wpex-block wpex-mb-15 wpex-text-left wpex-border-b wpex-border-solid wpex-border-main\" style=\"font-size:var(--wpex-text-md);font-weight:600;line-height:var(--wpex-leading-loose);\"><span class=\"vcex-heading-inner wpex-inline-block wpex-clr\">KTS Tr\u1ecbnh Th\u00e1i Ho\u00e0ng<\/span><\/h4>\n\t<div class=\"wpb_text_column wpb_content_element\" >\n\t\t<div class=\"wpb_wrapper\">\n\t\t\t<p style=\"text-align: justify;\">T\u1eeb kh\u00e2u thi\u1ebft k\u1ebf \u0111\u1ebfn kh\u00e2u thi c\u00f4ng ho\u00e0n thi\u1ec7n \u0111\u1ec1u c\u00f3 CEO &#8211; Ki\u1ebfn Tr\u00fac S\u01b0 Tr\u1ecbnh Th\u00e1i Ho\u00e0ng tham gia.<\/p>\n\n\t\t<\/div>\n\t<\/div>\n<\/div><\/div><\/div><div class=\"wpb_column vc_column_container vc_col-sm-4 wpex-vc_col-has-fill\"><div class=\"vc_column-inner vc_custom_1774170784941\"><div class=\"wpb_wrapper\"><h4 class=\"vcex-heading vcex-module wpex-text-2xl wpex-font-normal wpex-m-auto wpex-max-w-100 vcex-heading-bottom-border wpex-block wpex-mb-15 wpex-text-left wpex-border-b wpex-border-solid wpex-border-main\" style=\"font-size:var(--wpex-text-md);font-weight:600;line-height:var(--wpex-leading-loose);\"><span class=\"vcex-heading-inner wpex-inline-block wpex-clr\">S\u00e1ng t\u1ea1o v\u00e0 kh\u00e1c bi\u1ec7t<\/span><\/h4>\n\t<div class=\"wpb_text_column wpb_content_element\" >\n\t\t<div class=\"wpb_wrapper\">\n\t\t\t<p style=\"text-align: justify;\">M\u1ed7i c\u00f4ng tr\u00ecnh kh\u00f4ng ch\u1ec9 l\u00e0 ng\u00f4i nh\u00e0 m\u00e0 c\u00f2n l\u00e0 bi\u1ec3u t\u01b0\u1ee3ng c\u1ee7a s\u1ef1 sang tr\u1ecdng, phong c\u00e1ch c\u00e1 nh\u00e2n h\u00f3a v\u00e0 \u0111\u1eb3ng c\u1ea5p s\u1ed1ng v\u01b0\u1ee3t tr\u1ed9i.<\/p>\n\n\t\t<\/div>\n\t<\/div>\n<\/div><\/div><\/div><div class=\"wpb_column vc_column_container vc_col-sm-4 wpex-vc_col-has-fill\"><div class=\"vc_column-inner vc_custom_1774170794133\"><div class=\"wpb_wrapper\"><h4 class=\"vcex-heading vcex-module wpex-text-2xl wpex-font-normal wpex-m-auto wpex-max-w-100 vcex-heading-bottom-border wpex-block wpex-mb-15 wpex-text-left wpex-border-b wpex-border-solid wpex-border-main\" style=\"font-size:var(--wpex-text-md);font-weight:600;line-height:var(--wpex-leading-loose);\"><span class=\"vcex-heading-inner wpex-inline-block wpex-clr\">Chuy\u00ean nghi\u1ec7p v\u00e0 ch\u1ea5t l\u01b0\u1ee3ng<\/span><\/h4>\n\t<div class=\"wpb_text_column wpb_content_element\" >\n\t\t<div class=\"wpb_wrapper\">\n\t\t\t<p style=\"text-align: justify;\">\u0110\u1ec3 th\u1ef1c hi\u1ec7n nh\u1eefng \u00fd t\u01b0\u1edfng kh\u00e1c bi\u1ec7t v\u00e0 ch\u1ea5t l\u01b0\u1ee3ng cao nh\u1ea5t. Ngo\u00e0i \u0111\u1ed9i ng\u0169 ki\u1ebfn tr\u00fac s\u01b0 v\u00e0 k\u1ef9 s\u01b0 gi\u00e0u kinh nghi\u1ec7m, ch\u00fang t\u00f4i c\u00f2n k\u1ebft h\u1ee3p v\u1edbi nh\u1eefng ngh\u1ec7 nh\u00e2n tay ngh\u1ec1 cao trong nhi\u1ec1u l\u0129nh v\u1ef1c kh\u00e1c nhau.<\/p>\n\n\t\t<\/div>\n\t<\/div>\n<\/div><\/div><\/div><\/div><div class=\"vcex-spacing wpex-w-100 wpex-clear\" style=\"height:80px;\"><\/div><\/div><\/div><\/div><\/div><div class=\"vc_row wpb_row vc_row-fluid no-bottom-margins\"><div class=\"wpb_column vc_column_container vc_col-sm-12\"><div class=\"vc_column-inner\"><div class=\"wpb_wrapper\"><div class=\"vcex-module vcex-image-banner wpex-flex wpex-flex-col wpex-justify-end wpex-relative wpex-overflow-hidden wpex-max-w-100 wpex-bg-gray-900 wpex-text-white wpex-text-left\"  style=\"min-height:450px;\"><span class=\"vcex-ib-img wpex-block wpex-z-1 wpex-transition-all wpex-duration-500 wpex-bg-cover wpex-absolute wpex-inset-0\" style=\"background-image:url(https:\/\/kavila.vn\/wp-content\/uploads\/2025\/06\/z6687761474754_4c7aacf23aa6fe3de196e5a1faf32e08-1920x960.jpg);background-position:center center;\"><\/span><div class=\"vcex-ib-overlay wpex-absolute wpex-z-5 wpex-inset-0 wpex-transition-all wpex-duration-500\"><div class=\"vcex-ib-overlay-bg wpex-absolute wpex-inset-0 wpex-bg-black wpex-opacity-30\"><\/div><\/div><div class=\"vcex-ib-content-wrap wpex-z-10 wpex-w-100 wpex-transition-all wpex-duration-500 wpex-relative wpex-clr\" style=\"padding:40px;\"><div class=\"vcex-ib-content wpex-float-left wpex-mr-auto wpex-clr\"><h2 class=\"vcex-ib-title wpex-heading wpex-inherit-color-important\" style=\"font-size:var(--wpex-text-2xl);\">KTS TR\u1ecaNH TH\u00c1I HO\u00c0NG<\/h2><\/div><\/div><\/div><div class=\"vc_row wpb_row vc_inner vc_row-fluid vc_custom_1774172499605\"><div class=\"wpb_column vc_column_container vc_col-sm-12\"><div class=\"vc_column-inner\"><div class=\"wpb_wrapper\">\n\t<div style=\"font-size:var(--wpex-text-md);\" class=\"wpb_text_column wpb_content_element\" >\n\t\t<div class=\"wpb_wrapper\">\n\t\t\t<p style=\"text-align: justify;\">Architects. Trinh Thai Hoang is the founder and CEO of Kavila Architecture Company. The company has been established and operating from 2011 to present.<\/p>\n<p style=\"text-align: justify;\">\u201cAs a person who always respects beauty and is passionate about creativity, with all my perfectionism, I want all my works to be perfect and exude its own character.<\/p>\n<p style=\"text-align: justify;\">I always put myself in the mindset of learning, making constant efforts and many collisions to gain experience, practical experience applied to each different project.<\/p>\n<p style=\"text-align: justify;\">For me, it is great to work in a creative and innovative environment. I have been striving for the past 15 years to build Kavila. With the motto: &quot;Pursue a sustainable strategy, put all the quintessence in each project&quot;, so Kavila puts product quality first instead of following the saturation of the market.<\/p>\n<p style=\"text-align: justify;\">Now, I am extremely proud to be a choice, a destination for customers who have put their trust in Kavila for your projects.\u201d<\/p>\n<p style=\"text-align: justify;\">Best regards!<\/p>\n\n\t\t<\/div>\n\t<\/div>\n<\/div><\/div><\/div><\/div><\/div><\/div><\/div><\/div>","protected":false},"excerpt":{"rendered":"KTS. Tr\u1ecbnh Th\u00e1i Ho\u00e0ngH\u00ecnh \u1ea3nh c\u00f4ng tyNh\u00e2n s\u1ef1 \u2013 C\u01a1 c\u1ea5uKTS. Tr\u1ecbnh Th\u00e1i Ho\u00e0ngH\u00ecnh \u1ea3nh c\u00f4ng tyNh\u00e2n s\u1ef1 \u2013 C\u01a1 c\u1ea5uGI\u1edaI THI\u1ec6U C\u00d4NG TY3 GI\u00c1 TR\u1eca KH\u00c1C BI\u1ec6TKAVILA MANG \u0110\u1ebeN CHO KH\u00c1CH H\u00c0NGKTS Tr\u1ecbnh Th\u00e1i Ho\u00e0ng T\u1eeb kh\u00e2u thi\u1ebft k\u1ebf \u0111\u1ebfn kh\u00e2u thi c\u00f4ng ho\u00e0n thi\u1ec7n \u0111\u1ec1u c\u00f3 CEO - Ki\u1ebfn Tr\u00fac S\u01b0 Tr\u1ecbnh Th\u00e1i&hellip;","protected":false},"author":1,"featured_media":0,"parent":0,"menu_order":1,"comment_status":"closed","ping_status":"closed","template":"","meta":{"footnotes":""},"class_list":["post-18","page","type-page","status-publish","hentry","entry","no-media"],"yoast_head":"<!-- This site is optimized with the Yoast SEO plugin v27.2 - https:\/\/yoast.com\/product\/yoast-seo-wordpress\/ -->\n<title>Gi\u1edbi thi\u1ec7u - KAVILA ARCHITECTURE<\/title>\n<meta name=\"robots\" content=\"index, follow, max-snippet:-1, max-image-preview:large, max-video-preview:-1\" \/>\n<link rel=\"canonical\" href=\"https:\/\/kavila.vn\/en\/gioi-thieu\/\" \/>\n<meta property=\"og:locale\" content=\"en_US\" \/>\n<meta property=\"og:type\" content=\"article\" \/>\n<meta property=\"og:title\" content=\"Gi\u1edbi thi\u1ec7u - KAVILA ARCHITECTURE\" \/>\n<meta property=\"og:url\" content=\"https:\/\/kavila.vn\/en\/gioi-thieu\/\" \/>\n<meta property=\"og:site_name\" content=\"KAVILA ARCHITECTURE\" \/>\n<meta property=\"article:publisher\" content=\"https:\/\/www.facebook.com\/Kavila.vn\/\" \/>\n<meta property=\"article:modified_time\" content=\"2026-03-24T07:35:56+00:00\" \/>\n<meta name=\"twitter:card\" content=\"summary_large_image\" \/>\n<meta name=\"twitter:label1\" content=\"Est. reading time\" \/>\n\t<meta name=\"twitter:data1\" content=\"6 minutes\" \/>\n<script type=\"application\/ld+json\" class=\"yoast-schema-graph\">{\"@context\":\"https:\/\/schema.org\",\"@graph\":[{\"@type\":\"WebPage\",\"@id\":\"https:\/\/kavila.vn\/gioi-thieu\/\",\"url\":\"https:\/\/kavila.vn\/gioi-thieu\/\",\"name\":\"Gi\u1edbi thi\u1ec7u - KAVILA ARCHITECTURE\",\"isPartOf\":{\"@id\":\"https:\/\/kavila.vn\/#website\"},\"datePublished\":\"2022-05-20T03:03:13+00:00\",\"dateModified\":\"2026-03-24T07:35:56+00:00\",\"breadcrumb\":{\"@id\":\"https:\/\/kavila.vn\/gioi-thieu\/#breadcrumb\"},\"inLanguage\":\"en-US\",\"potentialAction\":[{\"@type\":\"ReadAction\",\"target\":[\"https:\/\/kavila.vn\/gioi-thieu\/\"]}]},{\"@type\":\"BreadcrumbList\",\"@id\":\"https:\/\/kavila.vn\/gioi-thieu\/#breadcrumb\",\"itemListElement\":[{\"@type\":\"ListItem\",\"position\":1,\"name\":\"Trang ch\u1ee7\",\"item\":\"https:\/\/kavila.vn\/\"},{\"@type\":\"ListItem\",\"position\":2,\"name\":\"Gi\u1edbi thi\u1ec7u\"}]},{\"@type\":\"WebSite\",\"@id\":\"https:\/\/kavila.vn\/#website\",\"url\":\"https:\/\/kavila.vn\/\",\"name\":\"KAVILA ARCHITECTURE\",\"description\":\"\",\"publisher\":{\"@id\":\"https:\/\/kavila.vn\/#organization\"},\"potentialAction\":[{\"@type\":\"SearchAction\",\"target\":{\"@type\":\"EntryPoint\",\"urlTemplate\":\"https:\/\/kavila.vn\/?s={search_term_string}\"},\"query-input\":{\"@type\":\"PropertyValueSpecification\",\"valueRequired\":true,\"valueName\":\"search_term_string\"}}],\"inLanguage\":\"en-US\"},{\"@type\":\"Organization\",\"@id\":\"https:\/\/kavila.vn\/#organization\",\"name\":\"KAVILA ARCHITECTURE\",\"url\":\"https:\/\/kavila.vn\/\",\"logo\":{\"@type\":\"ImageObject\",\"inLanguage\":\"en-US\",\"@id\":\"https:\/\/kavila.vn\/#\/schema\/logo\/image\/\",\"url\":\"https:\/\/kavila.vn\/wp-content\/uploads\/2022\/11\/favicon.png\",\"contentUrl\":\"https:\/\/kavila.vn\/wp-content\/uploads\/2022\/11\/favicon.png\",\"width\":512,\"height\":512,\"caption\":\"KAVILA ARCHITECTURE\"},\"image\":{\"@id\":\"https:\/\/kavila.vn\/#\/schema\/logo\/image\/\"},\"sameAs\":[\"https:\/\/www.facebook.com\/Kavila.vn\/\"]}]}<\/script>\n<!-- \/ Yoast SEO plugin. -->","yoast_head_json":{"title":"Gi\u1edbi thi\u1ec7u - KAVILA ARCHITECTURE","robots":{"index":"index","follow":"follow","max-snippet":"max-snippet:-1","max-image-preview":"max-image-preview:large","max-video-preview":"max-video-preview:-1"},"canonical":"https:\/\/kavila.vn\/en\/gioi-thieu\/","og_locale":"en_US","og_type":"article","og_title":"Gi\u1edbi thi\u1ec7u - KAVILA ARCHITECTURE","og_url":"https:\/\/kavila.vn\/en\/gioi-thieu\/","og_site_name":"KAVILA ARCHITECTURE","article_publisher":"https:\/\/www.facebook.com\/Kavila.vn\/","article_modified_time":"2026-03-24T07:35:56+00:00","twitter_card":"summary_large_image","twitter_misc":{"Est. reading time":"6 minutes"},"schema":{"@context":"https:\/\/schema.org","@graph":[{"@type":"WebPage","@id":"https:\/\/kavila.vn\/gioi-thieu\/","url":"https:\/\/kavila.vn\/gioi-thieu\/","name":"Gi\u1edbi thi\u1ec7u - KAVILA ARCHITECTURE","isPartOf":{"@id":"https:\/\/kavila.vn\/#website"},"datePublished":"2022-05-20T03:03:13+00:00","dateModified":"2026-03-24T07:35:56+00:00","breadcrumb":{"@id":"https:\/\/kavila.vn\/gioi-thieu\/#breadcrumb"},"inLanguage":"en-US","potentialAction":[{"@type":"ReadAction","target":["https:\/\/kavila.vn\/gioi-thieu\/"]}]},{"@type":"BreadcrumbList","@id":"https:\/\/kavila.vn\/gioi-thieu\/#breadcrumb","itemListElement":[{"@type":"ListItem","position":1,"name":"Trang ch\u1ee7","item":"https:\/\/kavila.vn\/"},{"@type":"ListItem","position":2,"name":"Gi\u1edbi thi\u1ec7u"}]},{"@type":"WebSite","@id":"https:\/\/kavila.vn\/#website","url":"https:\/\/kavila.vn\/","name":"KAVILA ARCHITECTURE","description":"","publisher":{"@id":"https:\/\/kavila.vn\/#organization"},"potentialAction":[{"@type":"SearchAction","target":{"@type":"EntryPoint","urlTemplate":"https:\/\/kavila.vn\/?s={search_term_string}"},"query-input":{"@type":"PropertyValueSpecification","valueRequired":true,"valueName":"search_term_string"}}],"inLanguage":"en-US"},{"@type":"Organization","@id":"https:\/\/kavila.vn\/#organization","name":"KAVILA ARCHITECTURE","url":"https:\/\/kavila.vn\/","logo":{"@type":"ImageObject","inLanguage":"en-US","@id":"https:\/\/kavila.vn\/#\/schema\/logo\/image\/","url":"https:\/\/kavila.vn\/wp-content\/uploads\/2022\/11\/favicon.png","contentUrl":"https:\/\/kavila.vn\/wp-content\/uploads\/2022\/11\/favicon.png","width":512,"height":512,"caption":"KAVILA ARCHITECTURE"},"image":{"@id":"https:\/\/kavila.vn\/#\/schema\/logo\/image\/"},"sameAs":["https:\/\/www.facebook.com\/Kavila.vn\/"]}]}},"_links":{"self":[{"href":"https:\/\/kavila.vn\/en\/wp-json\/wp\/v2\/pages\/18","targetHints":{"allow":["GET"]}}],"collection":[{"href":"https:\/\/kavila.vn\/en\/wp-json\/wp\/v2\/pages"}],"about":[{"href":"https:\/\/kavila.vn\/en\/wp-json\/wp\/v2\/types\/page"}],"author":[{"embeddable":true,"href":"https:\/\/kavila.vn\/en\/wp-json\/wp\/v2\/users\/1"}],"replies":[{"embeddable":true,"href":"https:\/\/kavila.vn\/en\/wp-json\/wp\/v2\/comments?post=18"}],"version-history":[{"count":52,"href":"https:\/\/kavila.vn\/en\/wp-json\/wp\/v2\/pages\/18\/revisions"}],"predecessor-version":[{"id":4529,"href":"https:\/\/kavila.vn\/en\/wp-json\/wp\/v2\/pages\/18\/revisions\/4529"}],"wp:attachment":[{"href":"https:\/\/kavila.vn\/en\/wp-json\/wp\/v2\/media?parent=18"}],"curies":[{"name":"wp","href":"https:\/\/api.w.org\/{rel}","templated":true}]}}