{"id":37,"date":"2022-05-20T03:16:48","date_gmt":"2022-05-20T03:16:48","guid":{"rendered":"https:\/\/total.wpexplorer.com\/victor\/?page_id=37"},"modified":"2026-03-27T09:41:10","modified_gmt":"2026-03-27T02:41:10","slug":"trang-chu","status":"publish","type":"page","link":"https:\/\/kavila.vn\/en\/","title":{"rendered":"Home page"},"content":{"rendered":"<div data-vc-full-width=\"true\" data-vc-full-width-init=\"false\" data-vc-stretch-content=\"true\" class=\"vc_row wpb_row vc_row-fluid video-bg-home vc_row-no-padding wpex-vc-row-stretched no-bottom-margins\" style=\"min-height:95vh;\"><div class=\"wpb_column vc_column_container vc_col-sm-12\"><div class=\"vc_column-inner\"><div class=\"wpb_wrapper\"><\/div><\/div><\/div><\/div><div class=\"vc_row-full-width vc_clearfix\"><\/div><div class=\"nk-awb  nk-awb-after-vc_row\" ><div class=\"nk-awb-wrap\" data-awb-type=\"yt_vm_video\" data-awb-image-background-size=\"cover\" data-awb-image-background-position=\"50% 50%\" data-awb-video=\"https:\/\/www.youtube.com\/watch?v=tMELBYNvi7M\" data-awb-video-start-time=\"0\" data-awb-video-end-time=\"0\" data-awb-video-volume=\"0\" data-awb-video-mobile=\"1\"><div  class=\"nk-awb-inner\"><img loading=\"lazy\" decoding=\"async\" width=\"2560\" height=\"1440\" src=\"https:\/\/kavila.vn\/wp-content\/uploads\/2022\/10\/1-22-scaled.jpg\" class=\"jarallax-img\" alt=\"\" style=\"object-position: 50% 50%;\" srcset=\"https:\/\/kavila.vn\/wp-content\/uploads\/2022\/10\/1-22-scaled.jpg 2560w, https:\/\/kavila.vn\/wp-content\/uploads\/2022\/10\/1-22-300x169.jpg 300w, https:\/\/kavila.vn\/wp-content\/uploads\/2022\/10\/1-22-1024x576.jpg 1024w, https:\/\/kavila.vn\/wp-content\/uploads\/2022\/10\/1-22-768x432.jpg 768w, https:\/\/kavila.vn\/wp-content\/uploads\/2022\/10\/1-22-1536x864.jpg 1536w, https:\/\/kavila.vn\/wp-content\/uploads\/2022\/10\/1-22-2048x1152.jpg 2048w, https:\/\/kavila.vn\/wp-content\/uploads\/2022\/10\/1-22-18x10.jpg 18w\" sizes=\"auto, (max-width: 2560px) 100vw, 2560px\" \/><\/div><\/div><\/div><div class=\"vc_row wpb_row vc_row-fluid no-bottom-margins\"><div class=\"wpb_column vc_column_container vc_col-sm-12\"><div class=\"vc_column-inner\"><div class=\"wpb_wrapper\"><div class=\"vcex-spacing wpex-w-100 wpex-clear\" style=\"height:80px;\"><\/div><div class=\"vc_row wpb_row vc_inner vc_row-fluid h-tamnhin no-bottom-margins\"><div class=\"wpb_column vc_column_container vc_col-sm-6\"><div class=\"vc_column-inner\"><div class=\"wpb_wrapper\"><h2 class=\"vcex-heading vcex-module wpex-text-2xl wpex-font-normal wpex-m-auto wpex-max-w-100 vcex-heading-plain wpex-block wpex-text-left\" style=\"font-size:var(--wpex-text-xl);\"><span class=\"vcex-heading-inner wpex-inline-block wpex-clr\">KAVILA ARCHITECTURE<\/span><\/h2><div class=\"vcex-spacing wpex-w-100 wpex-clear\" style=\"height:10px;\"><\/div><h2 class=\"vcex-heading vcex-module wpex-text-2xl wpex-font-normal wpex-m-auto wpex-max-w-100 vcex-heading-plain wpex-block wpex-text-left\" style=\"font-size:var(--wpex-text-2xl);\"><span class=\"vcex-heading-inner wpex-inline-block wpex-clr\">Chuy\u00ean nghi\u1ec7p v\u00e0 kh\u00e1c bi\u1ec7t<\/span><\/h2><div class=\"vcex-spacing wpex-w-100 wpex-clear hidden-desktop\" style=\"height:20px;\"><\/div><\/div><\/div><\/div><div class=\"wpb_column vc_column_container vc_col-sm-6\"><div class=\"vc_column-inner\"><div class=\"wpb_wrapper\"><h2 class=\"vcex-heading vcex-module wpex-text-2xl wpex-font-normal wpex-m-auto wpex-max-w-100 vcex-heading-plain wpex-block wpex-mb-15 wpex-text-left\" style=\"font-size:var(--wpex-text-md);font-weight:600;line-height:var(--wpex-leading-loose);\"><span class=\"vcex-heading-inner wpex-inline-block wpex-clr\">T\u1ea6M NH\u00ccN<\/span><\/h2>\n\t<div style=\"color:#888888;\" class=\"wpb_text_column has-custom-color wpex-child-inherit-color wpb_content_element\" >\n\t\t<div class=\"wpb_wrapper\">\n\t\t\t<p style=\"text-align: justify;\">Tr\u1edf th\u00e0nh c\u00f4ng ty h\u00e0ng \u0111\u1ea7u trong l\u0129nh v\u1ef1c thi\u1ebft k\u1ebf v\u00e0 thi c\u00f4ng bi\u1ec7t th\u1ef1 cao c\u1ea5p t\u1ea1i Vi\u1ec7t Nam, n\u01a1i m\u00e0 m\u1ed7i c\u00f4ng tr\u00ecnh kh\u00f4ng ch\u1ec9 l\u00e0 m\u1ed9t ng\u00f4i nh\u00e0 m\u00e0 c\u00f2n l\u00e0 bi\u1ec3u t\u01b0\u1ee3ng c\u1ee7a s\u1ef1 sang tr\u1ecdng, phong c\u00e1ch c\u00e1 nh\u00e2n, v\u00e0 \u0111\u1eb3ng c\u1ea5p s\u1ed1ng v\u01b0\u1ee3t tr\u1ed9i.<\/p>\n\n\t\t<\/div>\n\t<\/div>\n<div class=\"vcex-spacing wpex-w-100 wpex-clear\" style=\"height:40px;\"><\/div><h2 class=\"vcex-heading vcex-module wpex-text-2xl wpex-font-normal wpex-m-auto wpex-max-w-100 vcex-heading-plain wpex-block wpex-mb-15 wpex-text-left\" style=\"font-size:var(--wpex-text-md);font-weight:600;line-height:var(--wpex-leading-loose);\"><span class=\"vcex-heading-inner wpex-inline-block wpex-clr\">S\u1ee8 M\u1ec6NH<\/span><\/h2>\n\t<div style=\"color:#888888;\" class=\"wpb_text_column has-custom-color wpex-child-inherit-color wpb_content_element\" >\n\t\t<div class=\"wpb_wrapper\">\n\t\t\t<p style=\"text-align: justify;\">Ch\u00fang t\u00f4i cam k\u1ebft mang \u0111\u1ebfn cho kh\u00e1ch h\u00e0ng nh\u1eefng thi\u1ebft k\u1ebf bi\u1ec7t th\u1ef1 c\u01a1 b\u1ea3n ho\u00e1 tinh t\u1ebf v\u00e0 \u0111\u1ed9c \u0111\u00e1o, k\u1ebft h\u1ee3p v\u1edbi quy tr\u00ecnh thi c\u00f4ng chuy\u00ean nghi\u1ec7p v\u00e0 ch\u1ea5t l\u01b0\u1ee3ng cao. \u0110\u1ed9i ng\u0169 ki\u1ebfn tr\u00fac s\u01b0 c\u1ee7a ch\u00fang t\u00f4i, k\u1ebft h\u1ee3p v\u1edbi k\u1ef9 s\u01b0, ngh\u1ec7 nh\u00e2n l\u00e0nh ngh\u1ec1 \u0111\u1ec3 t\u1ea1o ra kh\u00f4ng gian s\u1ed1ng v\u00e0 s\u1ea3n ph\u1ea9m ho\u00e0n h\u1ea3o nh\u1ea5t, ph\u1ea3n \u00e1nh gu th\u1ea9m m\u1ef9 v\u00e0 phong c\u00e1ch s\u1ed1ng ri\u00eang bi\u1ec7t c\u1ee7a t\u1eebng ch\u1ee7 nh\u00e2n.<\/p>\n\n\t\t<\/div>\n\t<\/div>\n<\/div><\/div><\/div><\/div><div class=\"vcex-spacing wpex-w-100 wpex-clear\" style=\"height:80px;\"><\/div><\/div><\/div><\/div><\/div><div class=\"nk-awb  nk-awb-after-vc_row\" ><div class=\"nk-awb-wrap\" data-awb-type=\"color\" data-awb-stretch=\"true\" data-awb-image-background-size=\"cover\" data-awb-image-background-position=\"50% 50%\"><div class=\"nk-awb-overlay\" style=\"background-color: #000000;\"><\/div><div  class=\"nk-awb-inner\"><\/div><\/div><\/div><div data-vc-full-width=\"true\" data-vc-full-width-init=\"false\" data-vc-stretch-content=\"true\" class=\"vc_row wpb_row vc_row-fluid vc_row-no-padding vc_row-o-equal-height vc_row-flex wpex-vc-row-stretched wpex-vc-has-custom-column-spacing wpex-vc-column-spacing-0px no-bottom-margins\"><div class=\"wpb_column vc_column_container vc_col-sm-12\"><div class=\"vc_column-inner\"><div class=\"wpb_wrapper\"><div class=\"vcex-module vcex-image-banner wpex-flex wpex-flex-col wpex-justify-center wpex-relative wpex-overflow-hidden wpex-max-w-100 wpex-bg-gray-900 wpex-text-white wpex-mb-0 wpex-text-left vcex-h-zoom vcex-has-img-tag h-gioithieu\" ><a href=\"\/en\/gioi-thieu\/\" class=\"vcex-ib-link wpex-block wpex-inherit-color-important wpex-no-underline\" title=\"Introduce\"><img decoding=\"async\"  src=\"https:\/\/kavila.vn\/wp-content\/uploads\/2026\/03\/gioi-thieu_kavila.vn_-1920x720.webp\" class=\"vcex-ib-img wpex-block wpex-z-1 wpex-transition-all wpex-duration-500\" alt=\"\"><div class=\"vcex-ib-content-wrap wpex-z-10 wpex-w-100 wpex-transition-all wpex-duration-500 wpex-absolute wpex-inset-0 wpex-flex wpex-items-end wpex-clr\"><div class=\"vcex-ib-content wpex-flex-grow wpex-float-left wpex-mr-auto wpex-clr\"><div class=\"vcex-ib-title wpex-heading wpex-inherit-color-important\" style=\"font-weight:400;font-size:var(--wpex-text-xl);\">Kavila Architecture<\/div><div class=\"vcex-ib-caption wpex-text-lg wpex-last-mb-0\" style=\"font-weight:400;font-size:var(--wpex-text-2xl);\">CHUY\u00caN NGHI\u1ec6P V\u00c0 KH\u00c1C BI\u1ec6T<\/div><\/div><\/div><\/a><\/div><\/div><\/div><\/div><\/div><div class=\"vc_row-full-width vc_clearfix\"><\/div><div class=\"nk-awb  nk-awb-after-vc_row\" ><div class=\"nk-awb-wrap\" data-awb-type=\"color\" data-awb-image-background-size=\"cover\" data-awb-image-background-position=\"50% 50%\"><div class=\"nk-awb-overlay\" style=\"background-color: #efeeeb;\"><\/div><div  class=\"nk-awb-inner\"><\/div><\/div><\/div><div class=\"vc_row wpb_row vc_row-fluid vc_custom_1774323258729 wpex-vc_row-has-fill no-bottom-margins wpex-vc-reset-negative-margin\"><div class=\"wpb_column vc_column_container vc_col-sm-12\"><div class=\"vc_column-inner\"><div class=\"wpb_wrapper\"><div class=\"vcex-spacing wpex-w-100 wpex-clear\" style=\"height:80px;\"><\/div><h2 class=\"vcex-heading vcex-module wpex-text-2xl wpex-font-normal wpex-m-auto wpex-max-w-100 vcex-heading-plain wpex-block wpex-text-center\" style=\"font-size:var(--wpex-text-xl);\"><span class=\"vcex-heading-inner wpex-inline-block wpex-clr\">C\u00d4NG TR\u00ccNH TI\u00caU BI\u1ec2U<\/span><\/h2><div class=\"vcex-spacing wpex-w-100 wpex-clear\" style=\"height:40px;\"><\/div>\n\t<div style=\"color:#888888;\" class=\"wpb_text_column has-custom-color wpex-child-inherit-color wpb_content_element\" >\n\t\t<div class=\"wpb_wrapper\">\n\t\t\t<div class=\"intro-content\">\n<p style=\"text-align: justify;\">H\u01a1n 15 n\u0103m uy t\u00edn, Kavila \u0111\u00e3 nu\u00f4i d\u01b0\u1ee1ng m\u1ed9t \u0111\u1ed9i ng\u0169 Ki\u1ebfn tr\u00fac s\u01b0 c\u00f3 chuy\u00ean m\u00f4n cao, gi\u00e0u kinh nghi\u1ec7m, s\u00e1ng t\u1ea1o v\u00e0 th\u1ef1c s\u1ef1 t\u00e2m huy\u1ebft v\u1edbi ngh\u1ec1, t\u1eeb \u0111\u00f3 ki\u1ebfn t\u1ea1o n\u00ean nh\u1eefng kh\u00f4ng gian s\u1ed1ng \u0111\u1eb3ng c\u1ea5p mang \u0111\u1eadm c\u00e1 t\u00ednh gia ch\u1ee7.<\/p>\n<\/div>\n\n\t\t<\/div>\n\t<\/div>\n<div class=\"vcex-spacing wpex-w-100 wpex-clear\" style=\"height:40px;\"><\/div><\/div><\/div><\/div><\/div><div class=\"vc_row wpb_row vc_row-fluid vc_row-o-equal-height vc_row-flex wpex-vc-has-custom-column-spacing wpex-vc-column-spacing-10 no-bottom-margins\"><div class=\"wpb_column vc_column_container vc_col-sm-6\"><div class=\"vc_column-inner\"><div class=\"wpb_wrapper\"><figure class=\"vcex-image vcex-module wpex-clr wpex-mb-10 textcenter\"><div class=\"vcex-image-inner wpex-relative wpex-w-100 overlay-parent overlay-parent-title-bottom-see-through\"><a href=\"https:\/\/kavila.vn\/en\/portfolio-item\/tieu-phuong-villa-2024\/\"><img decoding=\"async\" width=\"2048\" height=\"1365\" src=\"https:\/\/kavila.vn\/wp-content\/uploads\/2019\/11\/29.png\" class=\"wpex-align-middle wpex-w-100\" alt=\"\" loading=\"lazy\" srcset=\"https:\/\/kavila.vn\/wp-content\/uploads\/2019\/11\/29.png 2048w, https:\/\/kavila.vn\/wp-content\/uploads\/2019\/11\/29-300x200.png 300w, https:\/\/kavila.vn\/wp-content\/uploads\/2019\/11\/29-1024x683.png 1024w, https:\/\/kavila.vn\/wp-content\/uploads\/2019\/11\/29-768x512.png 768w, https:\/\/kavila.vn\/wp-content\/uploads\/2019\/11\/29-1536x1024.png 1536w, https:\/\/kavila.vn\/wp-content\/uploads\/2019\/11\/29-18x12.png 18w, https:\/\/kavila.vn\/wp-content\/uploads\/2019\/11\/29-500x333.png 500w, https:\/\/kavila.vn\/wp-content\/uploads\/2019\/11\/29-800x533.png 800w, https:\/\/kavila.vn\/wp-content\/uploads\/2019\/11\/29-1280x853.png 1280w, https:\/\/kavila.vn\/wp-content\/uploads\/2019\/11\/29-1920x1280.png 1920w\" sizes=\"auto, (max-width: 2048px) 100vw, 2048px\" \/>\n<div class=\"overlay-title-bottom-see-through theme-overlay wpex-absolute wpex-bottom-0 wpex-inset-x-0 wpex-py-10 wpex-px-20 wpex-text-white wpex-text-md wpex-text-center\">\n\t<span class=\"overlay-bg wpex-bg-black wpex-block wpex-absolute wpex-inset-0 wpex-opacity-60\"><\/span>\n\t<div class=\"overlay-content wpex-relative\">TI\u1ec2U PH\u01af\u01a0NG VILLA<\/div>\n<\/div><\/a><\/div><\/figure><\/div><\/div><\/div><div class=\"wpb_column vc_column_container vc_col-sm-6\"><div class=\"vc_column-inner\"><div class=\"wpb_wrapper\"><figure class=\"vcex-image vcex-module wpex-clr wpex-mb-10 textcenter\"><div class=\"vcex-image-inner wpex-relative wpex-w-100 overlay-parent overlay-parent-title-bottom-see-through\"><a href=\"https:\/\/kavila.vn\/en\/portfolio-item\/hoanggiatrangvilla\/\"><img decoding=\"async\" width=\"2048\" height=\"1365\" src=\"https:\/\/kavila.vn\/wp-content\/uploads\/2026\/03\/z7662456782478_a84dbcd11adcdf04279ecda69f7b0074.jpg\" class=\"wpex-align-middle wpex-w-100\" alt=\"\" loading=\"lazy\" srcset=\"https:\/\/kavila.vn\/wp-content\/uploads\/2026\/03\/z7662456782478_a84dbcd11adcdf04279ecda69f7b0074.jpg 2048w, https:\/\/kavila.vn\/wp-content\/uploads\/2026\/03\/z7662456782478_a84dbcd11adcdf04279ecda69f7b0074-300x200.jpg 300w, https:\/\/kavila.vn\/wp-content\/uploads\/2026\/03\/z7662456782478_a84dbcd11adcdf04279ecda69f7b0074-1024x683.jpg 1024w, https:\/\/kavila.vn\/wp-content\/uploads\/2026\/03\/z7662456782478_a84dbcd11adcdf04279ecda69f7b0074-768x512.jpg 768w, https:\/\/kavila.vn\/wp-content\/uploads\/2026\/03\/z7662456782478_a84dbcd11adcdf04279ecda69f7b0074-1536x1024.jpg 1536w, https:\/\/kavila.vn\/wp-content\/uploads\/2026\/03\/z7662456782478_a84dbcd11adcdf04279ecda69f7b0074-18x12.jpg 18w, https:\/\/kavila.vn\/wp-content\/uploads\/2026\/03\/z7662456782478_a84dbcd11adcdf04279ecda69f7b0074-500x333.jpg 500w, https:\/\/kavila.vn\/wp-content\/uploads\/2026\/03\/z7662456782478_a84dbcd11adcdf04279ecda69f7b0074-800x533.jpg 800w, https:\/\/kavila.vn\/wp-content\/uploads\/2026\/03\/z7662456782478_a84dbcd11adcdf04279ecda69f7b0074-1280x853.jpg 1280w, https:\/\/kavila.vn\/wp-content\/uploads\/2026\/03\/z7662456782478_a84dbcd11adcdf04279ecda69f7b0074-1920x1280.jpg 1920w\" sizes=\"auto, (max-width: 2048px) 100vw, 2048px\" \/>\n<div class=\"overlay-title-bottom-see-through theme-overlay wpex-absolute wpex-bottom-0 wpex-inset-x-0 wpex-py-10 wpex-px-20 wpex-text-white wpex-text-md wpex-text-center\">\n\t<span class=\"overlay-bg wpex-bg-black wpex-block wpex-absolute wpex-inset-0 wpex-opacity-60\"><\/span>\n\t<div class=\"overlay-content wpex-relative\">HO\u00c0NG GIA TRANG VILLA<\/div>\n<\/div><\/a><\/div><\/figure><\/div><\/div><\/div><\/div><div class=\"vc_row wpb_row vc_row-fluid vc_row-o-equal-height vc_row-flex wpex-vc-has-custom-column-spacing wpex-vc-column-spacing-10 no-bottom-margins\"><div class=\"wpb_column vc_column_container vc_col-sm-6\"><div class=\"vc_column-inner\"><div class=\"wpb_wrapper\"><figure class=\"vcex-image vcex-module wpex-clr wpex-mb-10 textcenter\"><div class=\"vcex-image-inner wpex-relative wpex-w-100 overlay-parent overlay-parent-title-bottom-see-through\"><a href=\"https:\/\/kavila.vn\/en\/portfolio-item\/vin-home\/\"><img decoding=\"async\" loading=\"lazy\" class=\"wpex-align-middle wpex-w-100\" src=\"https:\/\/kavila.vn\/wp-content\/uploads\/2026\/03\/Vinhome_kavila.vn_-635x424.webp\" alt=\"\" srcset=\"https:\/\/kavila.vn\/wp-content\/uploads\/2026\/03\/Vinhome_kavila.vn_-635x424.webp 635w, https:\/\/kavila.vn\/wp-content\/uploads\/2026\/03\/Vinhome_kavila.vn_-635x424@2x.webp 1270w, https:\/\/kavila.vn\/wp-content\/uploads\/2026\/03\/Vinhome_kavila.vn_-635x424@2x.webp 2x\" width=\"635\" height=\"424\">\n<div class=\"overlay-title-bottom-see-through theme-overlay wpex-absolute wpex-bottom-0 wpex-inset-x-0 wpex-py-10 wpex-px-20 wpex-text-white wpex-text-md wpex-text-center\">\n\t<span class=\"overlay-bg wpex-bg-black wpex-block wpex-absolute wpex-inset-0 wpex-opacity-60\"><\/span>\n\t<div class=\"overlay-content wpex-relative\">VIN HOME VILLA<\/div>\n<\/div><\/a><\/div><\/figure><\/div><\/div><\/div><div class=\"wpb_column vc_column_container vc_col-sm-6\"><div class=\"vc_column-inner\"><div class=\"wpb_wrapper\"><figure class=\"vcex-image vcex-module wpex-clr wpex-mb-10 textcenter\"><div class=\"vcex-image-inner wpex-relative wpex-w-100 overlay-parent overlay-parent-title-bottom-see-through\"><a href=\"https:\/\/kavila.vn\/en\/portfolio-item\/linh-khue-villa\/\"><img decoding=\"async\" width=\"1920\" height=\"1281\" src=\"https:\/\/kavila.vn\/wp-content\/uploads\/2026\/03\/Linh-Khue_kavila.vn_.webp\" class=\"wpex-align-middle wpex-w-100\" alt=\"\" loading=\"lazy\" srcset=\"https:\/\/kavila.vn\/wp-content\/uploads\/2026\/03\/Linh-Khue_kavila.vn_.webp 1920w, https:\/\/kavila.vn\/wp-content\/uploads\/2026\/03\/Linh-Khue_kavila.vn_-300x200.webp 300w, https:\/\/kavila.vn\/wp-content\/uploads\/2026\/03\/Linh-Khue_kavila.vn_-1024x683.webp 1024w, https:\/\/kavila.vn\/wp-content\/uploads\/2026\/03\/Linh-Khue_kavila.vn_-768x512.webp 768w, https:\/\/kavila.vn\/wp-content\/uploads\/2026\/03\/Linh-Khue_kavila.vn_-1536x1025.webp 1536w, https:\/\/kavila.vn\/wp-content\/uploads\/2026\/03\/Linh-Khue_kavila.vn_-18x12.webp 18w, https:\/\/kavila.vn\/wp-content\/uploads\/2026\/03\/Linh-Khue_kavila.vn_-500x334.webp 500w, https:\/\/kavila.vn\/wp-content\/uploads\/2026\/03\/Linh-Khue_kavila.vn_-800x534.webp 800w, https:\/\/kavila.vn\/wp-content\/uploads\/2026\/03\/Linh-Khue_kavila.vn_-1280x854.webp 1280w\" sizes=\"auto, (max-width: 1920px) 100vw, 1920px\" \/>\n<div class=\"overlay-title-bottom-see-through theme-overlay wpex-absolute wpex-bottom-0 wpex-inset-x-0 wpex-py-10 wpex-px-20 wpex-text-white wpex-text-md wpex-text-center\">\n\t<span class=\"overlay-bg wpex-bg-black wpex-block wpex-absolute wpex-inset-0 wpex-opacity-60\"><\/span>\n\t<div class=\"overlay-content wpex-relative\">LINH KHU\u00ca VILLA<\/div>\n<\/div><\/a><\/div><\/figure><\/div><\/div><\/div><\/div><div class=\"vc_row wpb_row vc_row-fluid no-bottom-margins\"><div class=\"wpb_column vc_column_container vc_col-sm-12\"><div class=\"vc_column-inner\"><div class=\"wpb_wrapper\"><div class=\"vcex-spacing wpex-w-100 wpex-clear\" style=\"height:40px;\"><\/div><\/div><\/div><\/div><\/div>","protected":false},"excerpt":{"rendered":"KAVILA ARCHITECTUREChuy\u00ean nghi\u1ec7p v\u00e0 kh\u00e1c bi\u1ec7tT\u1ea6M NH\u00ccN Tr\u1edf th\u00e0nh c\u00f4ng ty h\u00e0ng \u0111\u1ea7u trong l\u0129nh v\u1ef1c thi\u1ebft k\u1ebf v\u00e0 thi c\u00f4ng bi\u1ec7t th\u1ef1 cao c\u1ea5p t\u1ea1i Vi\u1ec7t Nam, n\u01a1i m\u00e0 m\u1ed7i c\u00f4ng tr\u00ecnh kh\u00f4ng ch\u1ec9 l\u00e0 m\u1ed9t ng\u00f4i nh\u00e0 m\u00e0 c\u00f2n l\u00e0 bi\u1ec3u t\u01b0\u1ee3ng c\u1ee7a s\u1ef1 sang tr\u1ecdng, phong c\u00e1ch c\u00e1 nh\u00e2n, v\u00e0 \u0111\u1eb3ng c\u1ea5p&hellip;","protected":false},"author":1,"featured_media":0,"parent":0,"menu_order":0,"comment_status":"closed","ping_status":"closed","template":"","meta":{"footnotes":""},"class_list":["post-37","page","type-page","status-publish","hentry","entry","no-media"],"yoast_head":"<!-- This site is optimized with the Yoast SEO plugin v27.2 - https:\/\/yoast.com\/product\/yoast-seo-wordpress\/ -->\n<title>Trang ch\u1ee7 - KAVILA ARCHITECTURE<\/title>\n<meta name=\"robots\" content=\"index, follow, max-snippet:-1, max-image-preview:large, max-video-preview:-1\" \/>\n<link rel=\"canonical\" href=\"https:\/\/kavila.vn\/en\/\" \/>\n<meta property=\"og:locale\" content=\"en_US\" \/>\n<meta property=\"og:type\" content=\"article\" \/>\n<meta property=\"og:title\" content=\"Trang ch\u1ee7 - KAVILA ARCHITECTURE\" \/>\n<meta property=\"og:url\" content=\"https:\/\/kavila.vn\/en\/\" \/>\n<meta property=\"og:site_name\" content=\"KAVILA ARCHITECTURE\" \/>\n<meta property=\"article:publisher\" content=\"https:\/\/www.facebook.com\/Kavila.vn\/\" \/>\n<meta property=\"article:modified_time\" content=\"2026-03-27T02:41:10+00:00\" \/>\n<meta name=\"twitter:card\" content=\"summary_large_image\" \/>\n<meta name=\"twitter:label1\" content=\"Est. reading time\" \/>\n\t<meta name=\"twitter:data1\" content=\"11 minutes\" \/>\n<script type=\"application\/ld+json\" class=\"yoast-schema-graph\">{\"@context\":\"https:\/\/schema.org\",\"@graph\":[{\"@type\":\"WebPage\",\"@id\":\"https:\/\/kavila.vn\/\",\"url\":\"https:\/\/kavila.vn\/\",\"name\":\"Trang ch\u1ee7 - KAVILA ARCHITECTURE\",\"isPartOf\":{\"@id\":\"https:\/\/kavila.vn\/#website\"},\"datePublished\":\"2022-05-20T03:16:48+00:00\",\"dateModified\":\"2026-03-27T02:41:10+00:00\",\"breadcrumb\":{\"@id\":\"https:\/\/kavila.vn\/#breadcrumb\"},\"inLanguage\":\"en-US\",\"potentialAction\":[{\"@type\":\"ReadAction\",\"target\":[\"https:\/\/kavila.vn\/\"]}]},{\"@type\":\"BreadcrumbList\",\"@id\":\"https:\/\/kavila.vn\/#breadcrumb\",\"itemListElement\":[{\"@type\":\"ListItem\",\"position\":1,\"name\":\"Trang ch\u1ee7\",\"item\":\"https:\/\/kavila.vn\/\"},{\"@type\":\"ListItem\",\"position\":2,\"name\":\"Trang ch\u1ee7\"}]},{\"@type\":\"WebSite\",\"@id\":\"https:\/\/kavila.vn\/#website\",\"url\":\"https:\/\/kavila.vn\/\",\"name\":\"KAVILA ARCHITECTURE\",\"description\":\"\",\"publisher\":{\"@id\":\"https:\/\/kavila.vn\/#organization\"},\"potentialAction\":[{\"@type\":\"SearchAction\",\"target\":{\"@type\":\"EntryPoint\",\"urlTemplate\":\"https:\/\/kavila.vn\/?s={search_term_string}\"},\"query-input\":{\"@type\":\"PropertyValueSpecification\",\"valueRequired\":true,\"valueName\":\"search_term_string\"}}],\"inLanguage\":\"en-US\"},{\"@type\":\"Organization\",\"@id\":\"https:\/\/kavila.vn\/#organization\",\"name\":\"KAVILA ARCHITECTURE\",\"url\":\"https:\/\/kavila.vn\/\",\"logo\":{\"@type\":\"ImageObject\",\"inLanguage\":\"en-US\",\"@id\":\"https:\/\/kavila.vn\/#\/schema\/logo\/image\/\",\"url\":\"https:\/\/kavila.vn\/wp-content\/uploads\/2022\/11\/favicon.png\",\"contentUrl\":\"https:\/\/kavila.vn\/wp-content\/uploads\/2022\/11\/favicon.png\",\"width\":512,\"height\":512,\"caption\":\"KAVILA ARCHITECTURE\"},\"image\":{\"@id\":\"https:\/\/kavila.vn\/#\/schema\/logo\/image\/\"},\"sameAs\":[\"https:\/\/www.facebook.com\/Kavila.vn\/\"]}]}<\/script>\n<!-- \/ Yoast SEO plugin. -->","yoast_head_json":{"title":"Trang ch\u1ee7 - KAVILA ARCHITECTURE","robots":{"index":"index","follow":"follow","max-snippet":"max-snippet:-1","max-image-preview":"max-image-preview:large","max-video-preview":"max-video-preview:-1"},"canonical":"https:\/\/kavila.vn\/en\/","og_locale":"en_US","og_type":"article","og_title":"Trang ch\u1ee7 - KAVILA ARCHITECTURE","og_url":"https:\/\/kavila.vn\/en\/","og_site_name":"KAVILA ARCHITECTURE","article_publisher":"https:\/\/www.facebook.com\/Kavila.vn\/","article_modified_time":"2026-03-27T02:41:10+00:00","twitter_card":"summary_large_image","twitter_misc":{"Est. reading time":"11 minutes"},"schema":{"@context":"https:\/\/schema.org","@graph":[{"@type":"WebPage","@id":"https:\/\/kavila.vn\/","url":"https:\/\/kavila.vn\/","name":"Trang ch\u1ee7 - KAVILA ARCHITECTURE","isPartOf":{"@id":"https:\/\/kavila.vn\/#website"},"datePublished":"2022-05-20T03:16:48+00:00","dateModified":"2026-03-27T02:41:10+00:00","breadcrumb":{"@id":"https:\/\/kavila.vn\/#breadcrumb"},"inLanguage":"en-US","potentialAction":[{"@type":"ReadAction","target":["https:\/\/kavila.vn\/"]}]},{"@type":"BreadcrumbList","@id":"https:\/\/kavila.vn\/#breadcrumb","itemListElement":[{"@type":"ListItem","position":1,"name":"Trang ch\u1ee7","item":"https:\/\/kavila.vn\/"},{"@type":"ListItem","position":2,"name":"Trang ch\u1ee7"}]},{"@type":"WebSite","@id":"https:\/\/kavila.vn\/#website","url":"https:\/\/kavila.vn\/","name":"KAVILA ARCHITECTURE","description":"","publisher":{"@id":"https:\/\/kavila.vn\/#organization"},"potentialAction":[{"@type":"SearchAction","target":{"@type":"EntryPoint","urlTemplate":"https:\/\/kavila.vn\/?s={search_term_string}"},"query-input":{"@type":"PropertyValueSpecification","valueRequired":true,"valueName":"search_term_string"}}],"inLanguage":"en-US"},{"@type":"Organization","@id":"https:\/\/kavila.vn\/#organization","name":"KAVILA ARCHITECTURE","url":"https:\/\/kavila.vn\/","logo":{"@type":"ImageObject","inLanguage":"en-US","@id":"https:\/\/kavila.vn\/#\/schema\/logo\/image\/","url":"https:\/\/kavila.vn\/wp-content\/uploads\/2022\/11\/favicon.png","contentUrl":"https:\/\/kavila.vn\/wp-content\/uploads\/2022\/11\/favicon.png","width":512,"height":512,"caption":"KAVILA ARCHITECTURE"},"image":{"@id":"https:\/\/kavila.vn\/#\/schema\/logo\/image\/"},"sameAs":["https:\/\/www.facebook.com\/Kavila.vn\/"]}]}},"_links":{"self":[{"href":"https:\/\/kavila.vn\/en\/wp-json\/wp\/v2\/pages\/37","targetHints":{"allow":["GET"]}}],"collection":[{"href":"https:\/\/kavila.vn\/en\/wp-json\/wp\/v2\/pages"}],"about":[{"href":"https:\/\/kavila.vn\/en\/wp-json\/wp\/v2\/types\/page"}],"author":[{"embeddable":true,"href":"https:\/\/kavila.vn\/en\/wp-json\/wp\/v2\/users\/1"}],"replies":[{"embeddable":true,"href":"https:\/\/kavila.vn\/en\/wp-json\/wp\/v2\/comments?post=37"}],"version-history":[{"count":58,"href":"https:\/\/kavila.vn\/en\/wp-json\/wp\/v2\/pages\/37\/revisions"}],"predecessor-version":[{"id":4547,"href":"https:\/\/kavila.vn\/en\/wp-json\/wp\/v2\/pages\/37\/revisions\/4547"}],"wp:attachment":[{"href":"https:\/\/kavila.vn\/en\/wp-json\/wp\/v2\/media?parent=37"}],"curies":[{"name":"wp","href":"https:\/\/api.w.org\/{rel}","templated":true}]}}