{"id":916,"date":"2022-10-23T22:14:17","date_gmt":"2022-10-23T22:14:17","guid":{"rendered":"https:\/\/demo.kavila.vn\/?page_id=916"},"modified":"2025-10-17T16:45:48","modified_gmt":"2025-10-17T09:45:48","slug":"kts-trinh-thai-hoang","status":"publish","type":"page","link":"https:\/\/kavila.vn\/en\/gioi-thieu\/kts-trinh-thai-hoang\/","title":{"rendered":"Architects. Trinh Thai Hoang"},"content":{"rendered":"<div class=\"vc_row wpb_row vc_row-fluid hidden no-bottom-margins\"><div class=\"wpb_column vc_column_container vc_col-sm-12\"><div class=\"vc_column-inner\"><div class=\"wpb_wrapper\"><nav class=\"vcex-module vcex-navbar wpex-clr home-mobile-menu align-center\" style=\"font-size:var(--wpex-text-sm);\"><div class=\"vcex-navbar-inner wpex-clr container\"><a href=\"https:\/\/kavila.vn\/en\/gioi-thieu\/kts-trinh-thai-hoang\/\" class=\"vcex-navbar-link wpex-mb-5 theme-button minimal-border expanded wpex-text-base\"><span>Architects. Trinh Thai Hoang<\/span><\/a><a href=\"https:\/\/kavila.vn\/en\/gioi-thieu\/hinh-anh-cong-ty\/\" class=\"vcex-navbar-link wpex-mb-5 theme-button minimal-border expanded wpex-text-base\"><span>Company&#039;s face<\/span><\/a><a href=\"https:\/\/kavila.vn\/en\/gioi-thieu\/nhan-su-co-cau\/\" class=\"vcex-navbar-link wpex-mb-5 theme-button minimal-border expanded wpex-text-base\"><span>Personnel \u2013 Structure<\/span><\/a><\/div><\/nav><\/div><\/div><\/div><\/div><div class=\"vc_row wpb_row vc_row-fluid hidden no-bottom-margins\"><div class=\"wpb_column vc_column_container vc_col-sm-12\"><div class=\"vc_column-inner\"><div class=\"wpb_wrapper\"><div class=\"vcex-spacing wpex-w-100 wpex-clear\" style=\"height:40px;\"><\/div><nav class=\"vcex-module vcex-navbar wpex-clr home-desktop-menu align-center\" style=\"font-size:var(--wpex-text-sm);\"><div class=\"vcex-navbar-inner wpex-clr container wpex-last-mr-0\"><a href=\"https:\/\/kavila.vn\/en\/gioi-thieu\/kts-trinh-thai-hoang\/\" class=\"vcex-navbar-link wpex-mr-5 wpex-mb-5 theme-button minimal-border wpex-text-base\"><span>Architects. Trinh Thai Hoang<\/span><\/a><a href=\"https:\/\/kavila.vn\/en\/gioi-thieu\/hinh-anh-cong-ty\/\" class=\"vcex-navbar-link wpex-mr-5 wpex-mb-5 theme-button minimal-border wpex-text-base\"><span>Company&#039;s face<\/span><\/a><a href=\"https:\/\/kavila.vn\/en\/gioi-thieu\/nhan-su-co-cau\/\" class=\"vcex-navbar-link wpex-mr-5 wpex-mb-5 theme-button minimal-border wpex-text-base\"><span>Personnel \u2013 Structure<\/span><\/a><\/div><\/nav><\/div><\/div><\/div><\/div><div class=\"vc_row wpb_row vc_row-fluid no-bottom-margins\"><div class=\"wpb_column vc_column_container vc_col-sm-12\"><div class=\"vc_column-inner\"><div class=\"wpb_wrapper\"><div class=\"vcex-spacing wpex-w-100 wpex-clear\" style=\"height:40px;\"><\/div><h1 class=\"vcex-heading vcex-module wpex-text-2xl wpex-font-normal wpex-m-auto wpex-max-w-100 vcex-heading-plain wpex-block wpex-text-center\" style=\"font-size:var(--wpex-text-lg);\"><span class=\"vcex-heading-inner wpex-inline-block wpex-clr\">Architects. Trinh Thai Hoang<\/span><\/h1><div class=\"vcex-spacing wpex-w-100 wpex-clear\" style=\"height:40px;\"><\/div>\n\t<div style=\"color:#888888;\" class=\"wpb_text_column has-custom-color wpex-child-inherit-color wpb_content_element\" >\n\t\t<div class=\"wpb_wrapper\">\n\t\t\t<p style=\"text-align: justify;\">Architects. Trinh Thai Hoang is the founder and CEO of Kavila Architecture Company. The company has been established and operating from 2011 to present.<\/p>\n<p style=\"text-align: justify;\"><em>\u201cAs a person who always respects beauty and is passionate about creativity, with all my perfectionism, I want all my works to be perfect and exude its own character.<\/em><\/p>\n<p style=\"text-align: justify;\"><em>I always put myself in the mindset of learning, making constant efforts and many collisions to gain experience, practical experience applied to each different project.<\/em><\/p>\n<p style=\"text-align: justify;\"><em>For me, it is great to work in a creative and innovative environment. I have been striving for the past 15 years to build Kavila. With the motto: &quot;Pursue a sustainable strategy, put all the quintessence in each project&quot;, so Kavila puts product quality first instead of following the saturation of the market.<\/em><\/p>\n<p style=\"text-align: justify;\"><em>Now, I am extremely proud to be a choice, a destination for customers who have put their trust in Kavila for your projects.\u201d<\/em><\/p>\n<p style=\"text-align: justify;\">Best regards!<\/p>\n\n\t\t<\/div>\n\t<\/div>\n<figure class=\"vcex-image vcex-module wpex-clr textright\"><div class=\"vcex-image-inner wpex-relative wpex-inline-block\"><img decoding=\"async\" loading=\"lazy\" class=\"wpex-align-middle\" src=\"https:\/\/kavila.vn\/wp-content\/uploads\/2022\/10\/chu-ky-496x180.jpg\" alt=\"\" srcset=\"https:\/\/kavila.vn\/wp-content\/uploads\/2022\/10\/chu-ky-496x180.jpg 496w, https:\/\/kavila.vn\/wp-content\/uploads\/2022\/10\/chu-ky-300x109.jpg 300w, https:\/\/kavila.vn\/wp-content\/uploads\/2022\/10\/chu-ky-1024x371.jpg 1024w, https:\/\/kavila.vn\/wp-content\/uploads\/2022\/10\/chu-ky-768x278.jpg 768w, https:\/\/kavila.vn\/wp-content\/uploads\/2022\/10\/chu-ky-1536x557.jpg 1536w, https:\/\/kavila.vn\/wp-content\/uploads\/2022\/10\/chu-ky-496x180@2x.jpg 992w, https:\/\/kavila.vn\/wp-content\/uploads\/2022\/10\/chu-ky.jpg 2000w, https:\/\/kavila.vn\/wp-content\/uploads\/2022\/10\/chu-ky-496x180@2x.jpg 2x\" width=\"496\" height=\"180\"><\/div><\/figure><div class=\"vcex-spacing wpex-w-100 wpex-clear\" style=\"height:40px;\"><\/div><\/div><\/div><\/div><\/div><div class=\"vc_row wpb_row vc_row-fluid vc_row-o-equal-height vc_row-flex wpex-vc-has-custom-column-spacing wpex-vc-column-spacing-10 no-bottom-margins\"><div class=\"wpb_column vc_column_container vc_col-sm-6\"><div class=\"vc_column-inner\"><div class=\"wpb_wrapper\"><figure class=\"vcex-image vcex-module wpex-clr wpex-mb-10 textcenter\"><div class=\"vcex-image-inner wpex-relative wpex-w-100\"><img decoding=\"async\" width=\"1084\" height=\"717\" src=\"https:\/\/kavila.vn\/wp-content\/uploads\/2022\/10\/kts-trinh-thai-hoang-01.jpg\" class=\"wpex-align-middle wpex-w-100\" alt=\"\" loading=\"lazy\" srcset=\"https:\/\/kavila.vn\/wp-content\/uploads\/2022\/10\/kts-trinh-thai-hoang-01.jpg 1084w, https:\/\/kavila.vn\/wp-content\/uploads\/2022\/10\/kts-trinh-thai-hoang-01-300x198.jpg 300w, https:\/\/kavila.vn\/wp-content\/uploads\/2022\/10\/kts-trinh-thai-hoang-01-1024x677.jpg 1024w, https:\/\/kavila.vn\/wp-content\/uploads\/2022\/10\/kts-trinh-thai-hoang-01-768x508.jpg 768w\" sizes=\"auto, (max-width: 1084px) 100vw, 1084px\" \/><\/div><\/figure><\/div><\/div><\/div><div class=\"wpb_column vc_column_container vc_col-sm-6\"><div class=\"vc_column-inner\"><div class=\"wpb_wrapper\"><figure class=\"vcex-image vcex-module wpex-clr wpex-mb-10 textcenter\"><div class=\"vcex-image-inner wpex-relative wpex-w-100\"><img decoding=\"async\" width=\"1084\" height=\"717\" src=\"https:\/\/kavila.vn\/wp-content\/uploads\/2022\/10\/kts-trinh-thai-hoang-02.jpg\" class=\"wpex-align-middle wpex-w-100\" alt=\"\" loading=\"lazy\" srcset=\"https:\/\/kavila.vn\/wp-content\/uploads\/2022\/10\/kts-trinh-thai-hoang-02.jpg 1084w, https:\/\/kavila.vn\/wp-content\/uploads\/2022\/10\/kts-trinh-thai-hoang-02-300x198.jpg 300w, https:\/\/kavila.vn\/wp-content\/uploads\/2022\/10\/kts-trinh-thai-hoang-02-1024x677.jpg 1024w, https:\/\/kavila.vn\/wp-content\/uploads\/2022\/10\/kts-trinh-thai-hoang-02-768x508.jpg 768w\" sizes=\"auto, (max-width: 1084px) 100vw, 1084px\" \/><\/div><\/figure><\/div><\/div><\/div><\/div><div class=\"vc_row wpb_row vc_row-fluid vc_row-o-equal-height vc_row-flex wpex-vc-has-custom-column-spacing wpex-vc-column-spacing-10 no-bottom-margins\"><div class=\"wpb_column vc_column_container vc_col-sm-6\"><div class=\"vc_column-inner\"><div class=\"wpb_wrapper\"><figure class=\"vcex-image vcex-module wpex-clr wpex-mb-10 textcenter\"><div class=\"vcex-image-inner wpex-relative wpex-w-100\"><img decoding=\"async\" width=\"854\" height=\"1196\" src=\"https:\/\/kavila.vn\/wp-content\/uploads\/2022\/10\/kts-trinh-thai-hoang-03.jpg\" class=\"wpex-align-middle wpex-w-100\" alt=\"\" loading=\"lazy\" srcset=\"https:\/\/kavila.vn\/wp-content\/uploads\/2022\/10\/kts-trinh-thai-hoang-03.jpg 854w, https:\/\/kavila.vn\/wp-content\/uploads\/2022\/10\/kts-trinh-thai-hoang-03-214x300.jpg 214w, https:\/\/kavila.vn\/wp-content\/uploads\/2022\/10\/kts-trinh-thai-hoang-03-731x1024.jpg 731w, https:\/\/kavila.vn\/wp-content\/uploads\/2022\/10\/kts-trinh-thai-hoang-03-768x1076.jpg 768w\" sizes=\"auto, (max-width: 854px) 100vw, 854px\" \/><\/div><\/figure><\/div><\/div><\/div><div class=\"wpb_column vc_column_container vc_col-sm-6\"><div class=\"vc_column-inner\"><div class=\"wpb_wrapper\"><figure class=\"vcex-image vcex-module wpex-clr wpex-mb-10 textcenter\"><div class=\"vcex-image-inner wpex-relative wpex-w-100\"><img decoding=\"async\" width=\"1831\" height=\"2560\" src=\"https:\/\/kavila.vn\/wp-content\/uploads\/2023\/12\/0U9A0221-1-scaled.jpg\" class=\"wpex-align-middle wpex-w-100\" alt=\"\" loading=\"lazy\" srcset=\"https:\/\/kavila.vn\/wp-content\/uploads\/2023\/12\/0U9A0221-1-scaled.jpg 1831w, https:\/\/kavila.vn\/wp-content\/uploads\/2023\/12\/0U9A0221-1-215x300.jpg 215w, https:\/\/kavila.vn\/wp-content\/uploads\/2023\/12\/0U9A0221-1-732x1024.jpg 732w, https:\/\/kavila.vn\/wp-content\/uploads\/2023\/12\/0U9A0221-1-768x1074.jpg 768w, https:\/\/kavila.vn\/wp-content\/uploads\/2023\/12\/0U9A0221-1-1098x1536.jpg 1098w, https:\/\/kavila.vn\/wp-content\/uploads\/2023\/12\/0U9A0221-1-1465x2048.jpg 1465w, https:\/\/kavila.vn\/wp-content\/uploads\/2023\/12\/0U9A0221-1-9x12.jpg 9w, https:\/\/kavila.vn\/wp-content\/uploads\/2023\/12\/0U9A0221-1-500x699.jpg 500w, https:\/\/kavila.vn\/wp-content\/uploads\/2023\/12\/0U9A0221-1-800x1119.jpg 800w, https:\/\/kavila.vn\/wp-content\/uploads\/2023\/12\/0U9A0221-1-1280x1790.jpg 1280w, https:\/\/kavila.vn\/wp-content\/uploads\/2023\/12\/0U9A0221-1-1920x2685.jpg 1920w\" sizes=\"auto, (max-width: 1831px) 100vw, 1831px\" \/><\/div><\/figure><\/div><\/div><\/div><\/div><div class=\"vc_row wpb_row vc_row-fluid vc_row-o-equal-height vc_row-flex wpex-vc-has-custom-column-spacing wpex-vc-column-spacing-10 no-bottom-margins\"><div class=\"wpb_column vc_column_container vc_col-sm-6\"><div class=\"vc_column-inner\"><div class=\"wpb_wrapper\"><figure class=\"vcex-image vcex-module wpex-clr wpex-mb-10 textcenter\"><div class=\"vcex-image-inner wpex-relative wpex-w-100\"><img decoding=\"async\" width=\"1200\" height=\"1600\" src=\"https:\/\/kavila.vn\/wp-content\/uploads\/2025\/10\/kavila-a-HOANG.webp\" class=\"wpex-align-middle wpex-w-100\" alt=\"\" loading=\"lazy\" srcset=\"https:\/\/kavila.vn\/wp-content\/uploads\/2025\/10\/kavila-a-HOANG.webp 1200w, https:\/\/kavila.vn\/wp-content\/uploads\/2025\/10\/kavila-a-HOANG-225x300.webp 225w, https:\/\/kavila.vn\/wp-content\/uploads\/2025\/10\/kavila-a-HOANG-768x1024.webp 768w, https:\/\/kavila.vn\/wp-content\/uploads\/2025\/10\/kavila-a-HOANG-1152x1536.webp 1152w, https:\/\/kavila.vn\/wp-content\/uploads\/2025\/10\/kavila-a-HOANG-9x12.webp 9w, https:\/\/kavila.vn\/wp-content\/uploads\/2025\/10\/kavila-a-HOANG-500x667.webp 500w, https:\/\/kavila.vn\/wp-content\/uploads\/2025\/10\/kavila-a-HOANG-800x1067.webp 800w\" sizes=\"auto, (max-width: 1200px) 100vw, 1200px\" \/><\/div><\/figure><\/div><\/div><\/div><div class=\"wpb_column vc_column_container vc_col-sm-6\"><div class=\"vc_column-inner\"><div class=\"wpb_wrapper\"><figure class=\"vcex-image vcex-module wpex-clr wpex-mb-10 textcenter\"><div class=\"vcex-image-inner wpex-relative wpex-w-100\"><img decoding=\"async\" width=\"1200\" height=\"1600\" src=\"https:\/\/kavila.vn\/wp-content\/uploads\/2025\/10\/kavila-trinh-thai-hoang.jpg\" class=\"wpex-align-middle wpex-w-100\" alt=\"\" loading=\"lazy\" srcset=\"https:\/\/kavila.vn\/wp-content\/uploads\/2025\/10\/kavila-trinh-thai-hoang.jpg 1200w, https:\/\/kavila.vn\/wp-content\/uploads\/2025\/10\/kavila-trinh-thai-hoang-225x300.jpg 225w, https:\/\/kavila.vn\/wp-content\/uploads\/2025\/10\/kavila-trinh-thai-hoang-768x1024.jpg 768w, https:\/\/kavila.vn\/wp-content\/uploads\/2025\/10\/kavila-trinh-thai-hoang-1152x1536.jpg 1152w, https:\/\/kavila.vn\/wp-content\/uploads\/2025\/10\/kavila-trinh-thai-hoang-9x12.jpg 9w, https:\/\/kavila.vn\/wp-content\/uploads\/2025\/10\/kavila-trinh-thai-hoang-500x667.jpg 500w, https:\/\/kavila.vn\/wp-content\/uploads\/2025\/10\/kavila-trinh-thai-hoang-800x1067.jpg 800w\" sizes=\"auto, (max-width: 1200px) 100vw, 1200px\" \/><\/div><\/figure><\/div><\/div><\/div><\/div><div class=\"vc_row wpb_row vc_row-fluid no-bottom-margins\"><div class=\"wpb_column vc_column_container vc_col-sm-12\"><div class=\"vc_column-inner\"><div class=\"wpb_wrapper\"><div class=\"vcex-spacing wpex-w-100 wpex-clear\" style=\"height:40px;\"><\/div><\/div><\/div><\/div><\/div>","protected":false},"excerpt":{"rendered":"KTS. Tr\u1ecbnh Th\u00e1i Ho\u00e0ngH\u00ecnh \u1ea3nh c\u00f4ng tyNh\u00e2n s\u1ef1 \u2013 C\u01a1 c\u1ea5uKTS. Tr\u1ecbnh Th\u00e1i Ho\u00e0ngH\u00ecnh \u1ea3nh c\u00f4ng tyNh\u00e2n s\u1ef1 \u2013 C\u01a1 c\u1ea5uKTS. Tr\u1ecbnh Th\u00e1i Ho\u00e0ng KTS. Tr\u1ecbnh Th\u00e1i Ho\u00e0ng l\u00e0 nh\u00e0 s\u00e1ng l\u1eadp v\u00e0 \u0111i\u1ec1u h\u00e0nh C\u00f4ng ty Ki\u1ebfn tr\u00fac Kavila. C\u00f4ng ty \u0111\u00e3 \u0111\u01b0\u1ee3c th\u00e0nh l\u1eadp v\u00e0 ho\u1ea1t \u0111\u1ed9ng t\u1eeb n\u0103m 2011 \u0111\u1ebfn nay. \"L\u00e0&hellip;","protected":false},"author":1,"featured_media":0,"parent":18,"menu_order":1,"comment_status":"closed","ping_status":"closed","template":"","meta":{"footnotes":""},"class_list":["post-916","page","type-page","status-publish","hentry","entry","no-media"],"yoast_head":"<!-- This site is optimized with the Yoast SEO plugin v27.2 - https:\/\/yoast.com\/product\/yoast-seo-wordpress\/ -->\n<title>KTS. Tr\u1ecbnh Th\u00e1i Ho\u00e0ng - KAVILA ARCHITECTURE<\/title>\n<meta name=\"robots\" content=\"index, follow, max-snippet:-1, max-image-preview:large, max-video-preview:-1\" \/>\n<link rel=\"canonical\" href=\"https:\/\/kavila.vn\/en\/gioi-thieu\/kts-trinh-thai-hoang\/\" \/>\n<meta property=\"og:locale\" content=\"en_US\" \/>\n<meta property=\"og:type\" content=\"article\" \/>\n<meta property=\"og:title\" content=\"KTS. Tr\u1ecbnh Th\u00e1i Ho\u00e0ng - KAVILA ARCHITECTURE\" \/>\n<meta property=\"og:url\" content=\"https:\/\/kavila.vn\/en\/gioi-thieu\/kts-trinh-thai-hoang\/\" \/>\n<meta property=\"og:site_name\" content=\"KAVILA ARCHITECTURE\" \/>\n<meta property=\"article:publisher\" content=\"https:\/\/www.facebook.com\/Kavila.vn\/\" \/>\n<meta property=\"article:modified_time\" content=\"2025-10-17T09:45:48+00:00\" \/>\n<meta name=\"twitter:card\" content=\"summary_large_image\" \/>\n<meta name=\"twitter:label1\" content=\"Est. reading time\" \/>\n\t<meta name=\"twitter:data1\" content=\"2 minutes\" \/>\n<script type=\"application\/ld+json\" class=\"yoast-schema-graph\">{\"@context\":\"https:\/\/schema.org\",\"@graph\":[{\"@type\":\"WebPage\",\"@id\":\"https:\/\/kavila.vn\/gioi-thieu\/kts-trinh-thai-hoang\/\",\"url\":\"https:\/\/kavila.vn\/gioi-thieu\/kts-trinh-thai-hoang\/\",\"name\":\"KTS. Tr\u1ecbnh Th\u00e1i Ho\u00e0ng - KAVILA ARCHITECTURE\",\"isPartOf\":{\"@id\":\"https:\/\/kavila.vn\/#website\"},\"datePublished\":\"2022-10-23T22:14:17+00:00\",\"dateModified\":\"2025-10-17T09:45:48+00:00\",\"breadcrumb\":{\"@id\":\"https:\/\/kavila.vn\/gioi-thieu\/kts-trinh-thai-hoang\/#breadcrumb\"},\"inLanguage\":\"en-US\",\"potentialAction\":[{\"@type\":\"ReadAction\",\"target\":[\"https:\/\/kavila.vn\/gioi-thieu\/kts-trinh-thai-hoang\/\"]}]},{\"@type\":\"BreadcrumbList\",\"@id\":\"https:\/\/kavila.vn\/gioi-thieu\/kts-trinh-thai-hoang\/#breadcrumb\",\"itemListElement\":[{\"@type\":\"ListItem\",\"position\":1,\"name\":\"Trang ch\u1ee7\",\"item\":\"https:\/\/kavila.vn\/\"},{\"@type\":\"ListItem\",\"position\":2,\"name\":\"Gi\u1edbi thi\u1ec7u\",\"item\":\"https:\/\/kavila.vn\/gioi-thieu\/\"},{\"@type\":\"ListItem\",\"position\":3,\"name\":\"KTS. Tr\u1ecbnh Th\u00e1i Ho\u00e0ng\"}]},{\"@type\":\"WebSite\",\"@id\":\"https:\/\/kavila.vn\/#website\",\"url\":\"https:\/\/kavila.vn\/\",\"name\":\"KAVILA ARCHITECTURE\",\"description\":\"\",\"publisher\":{\"@id\":\"https:\/\/kavila.vn\/#organization\"},\"potentialAction\":[{\"@type\":\"SearchAction\",\"target\":{\"@type\":\"EntryPoint\",\"urlTemplate\":\"https:\/\/kavila.vn\/?s={search_term_string}\"},\"query-input\":{\"@type\":\"PropertyValueSpecification\",\"valueRequired\":true,\"valueName\":\"search_term_string\"}}],\"inLanguage\":\"en-US\"},{\"@type\":\"Organization\",\"@id\":\"https:\/\/kavila.vn\/#organization\",\"name\":\"KAVILA ARCHITECTURE\",\"url\":\"https:\/\/kavila.vn\/\",\"logo\":{\"@type\":\"ImageObject\",\"inLanguage\":\"en-US\",\"@id\":\"https:\/\/kavila.vn\/#\/schema\/logo\/image\/\",\"url\":\"https:\/\/kavila.vn\/wp-content\/uploads\/2022\/11\/favicon.png\",\"contentUrl\":\"https:\/\/kavila.vn\/wp-content\/uploads\/2022\/11\/favicon.png\",\"width\":512,\"height\":512,\"caption\":\"KAVILA ARCHITECTURE\"},\"image\":{\"@id\":\"https:\/\/kavila.vn\/#\/schema\/logo\/image\/\"},\"sameAs\":[\"https:\/\/www.facebook.com\/Kavila.vn\/\"]}]}<\/script>\n<!-- \/ Yoast SEO plugin. -->","yoast_head_json":{"title":"KTS. Tr\u1ecbnh Th\u00e1i Ho\u00e0ng - KAVILA ARCHITECTURE","robots":{"index":"index","follow":"follow","max-snippet":"max-snippet:-1","max-image-preview":"max-image-preview:large","max-video-preview":"max-video-preview:-1"},"canonical":"https:\/\/kavila.vn\/en\/gioi-thieu\/kts-trinh-thai-hoang\/","og_locale":"en_US","og_type":"article","og_title":"KTS. Tr\u1ecbnh Th\u00e1i Ho\u00e0ng - KAVILA ARCHITECTURE","og_url":"https:\/\/kavila.vn\/en\/gioi-thieu\/kts-trinh-thai-hoang\/","og_site_name":"KAVILA ARCHITECTURE","article_publisher":"https:\/\/www.facebook.com\/Kavila.vn\/","article_modified_time":"2025-10-17T09:45:48+00:00","twitter_card":"summary_large_image","twitter_misc":{"Est. reading time":"2 minutes"},"schema":{"@context":"https:\/\/schema.org","@graph":[{"@type":"WebPage","@id":"https:\/\/kavila.vn\/gioi-thieu\/kts-trinh-thai-hoang\/","url":"https:\/\/kavila.vn\/gioi-thieu\/kts-trinh-thai-hoang\/","name":"KTS. Tr\u1ecbnh Th\u00e1i Ho\u00e0ng - KAVILA ARCHITECTURE","isPartOf":{"@id":"https:\/\/kavila.vn\/#website"},"datePublished":"2022-10-23T22:14:17+00:00","dateModified":"2025-10-17T09:45:48+00:00","breadcrumb":{"@id":"https:\/\/kavila.vn\/gioi-thieu\/kts-trinh-thai-hoang\/#breadcrumb"},"inLanguage":"en-US","potentialAction":[{"@type":"ReadAction","target":["https:\/\/kavila.vn\/gioi-thieu\/kts-trinh-thai-hoang\/"]}]},{"@type":"BreadcrumbList","@id":"https:\/\/kavila.vn\/gioi-thieu\/kts-trinh-thai-hoang\/#breadcrumb","itemListElement":[{"@type":"ListItem","position":1,"name":"Trang ch\u1ee7","item":"https:\/\/kavila.vn\/"},{"@type":"ListItem","position":2,"name":"Gi\u1edbi thi\u1ec7u","item":"https:\/\/kavila.vn\/gioi-thieu\/"},{"@type":"ListItem","position":3,"name":"KTS. Tr\u1ecbnh Th\u00e1i Ho\u00e0ng"}]},{"@type":"WebSite","@id":"https:\/\/kavila.vn\/#website","url":"https:\/\/kavila.vn\/","name":"KAVILA ARCHITECTURE","description":"","publisher":{"@id":"https:\/\/kavila.vn\/#organization"},"potentialAction":[{"@type":"SearchAction","target":{"@type":"EntryPoint","urlTemplate":"https:\/\/kavila.vn\/?s={search_term_string}"},"query-input":{"@type":"PropertyValueSpecification","valueRequired":true,"valueName":"search_term_string"}}],"inLanguage":"en-US"},{"@type":"Organization","@id":"https:\/\/kavila.vn\/#organization","name":"KAVILA ARCHITECTURE","url":"https:\/\/kavila.vn\/","logo":{"@type":"ImageObject","inLanguage":"en-US","@id":"https:\/\/kavila.vn\/#\/schema\/logo\/image\/","url":"https:\/\/kavila.vn\/wp-content\/uploads\/2022\/11\/favicon.png","contentUrl":"https:\/\/kavila.vn\/wp-content\/uploads\/2022\/11\/favicon.png","width":512,"height":512,"caption":"KAVILA ARCHITECTURE"},"image":{"@id":"https:\/\/kavila.vn\/#\/schema\/logo\/image\/"},"sameAs":["https:\/\/www.facebook.com\/Kavila.vn\/"]}]}},"_links":{"self":[{"href":"https:\/\/kavila.vn\/en\/wp-json\/wp\/v2\/pages\/916","targetHints":{"allow":["GET"]}}],"collection":[{"href":"https:\/\/kavila.vn\/en\/wp-json\/wp\/v2\/pages"}],"about":[{"href":"https:\/\/kavila.vn\/en\/wp-json\/wp\/v2\/types\/page"}],"author":[{"embeddable":true,"href":"https:\/\/kavila.vn\/en\/wp-json\/wp\/v2\/users\/1"}],"replies":[{"embeddable":true,"href":"https:\/\/kavila.vn\/en\/wp-json\/wp\/v2\/comments?post=916"}],"version-history":[{"count":2,"href":"https:\/\/kavila.vn\/en\/wp-json\/wp\/v2\/pages\/916\/revisions"}],"predecessor-version":[{"id":3996,"href":"https:\/\/kavila.vn\/en\/wp-json\/wp\/v2\/pages\/916\/revisions\/3996"}],"up":[{"embeddable":true,"href":"https:\/\/kavila.vn\/en\/wp-json\/wp\/v2\/pages\/18"}],"wp:attachment":[{"href":"https:\/\/kavila.vn\/en\/wp-json\/wp\/v2\/media?parent=916"}],"curies":[{"name":"wp","href":"https:\/\/api.w.org\/{rel}","templated":true}]}}