{"id":918,"date":"2022-10-23T22:15:05","date_gmt":"2022-10-23T22:15:05","guid":{"rendered":"https:\/\/demo.kavila.vn\/?page_id=918"},"modified":"2023-12-16T17:11:33","modified_gmt":"2023-12-16T10:11:33","slug":"hinh-anh-cong-ty","status":"publish","type":"page","link":"https:\/\/kavila.vn\/en\/gioi-thieu\/hinh-anh-cong-ty\/","title":{"rendered":"Company&#039;s face"},"content":{"rendered":"<div class=\"vc_row wpb_row vc_row-fluid hidden-desktop-large no-bottom-margins\"><div class=\"wpb_column vc_column_container vc_col-sm-12\"><div class=\"vc_column-inner\"><div class=\"wpb_wrapper\"><nav class=\"vcex-module vcex-navbar wpex-clr home-mobile-menu align-center\" style=\"font-size:var(--wpex-text-sm);\"><div class=\"vcex-navbar-inner wpex-clr container\"><a href=\"https:\/\/kavila.vn\/en\/gioi-thieu\/kts-trinh-thai-hoang\/\" class=\"vcex-navbar-link wpex-mb-5 theme-button minimal-border expanded wpex-text-base\"><span>Architects. Trinh Thai Hoang<\/span><\/a><a href=\"https:\/\/kavila.vn\/en\/gioi-thieu\/hinh-anh-cong-ty\/\" class=\"vcex-navbar-link wpex-mb-5 theme-button minimal-border expanded wpex-text-base\"><span>Company&#039;s face<\/span><\/a><a href=\"https:\/\/kavila.vn\/en\/gioi-thieu\/nhan-su-co-cau\/\" class=\"vcex-navbar-link wpex-mb-5 theme-button minimal-border expanded wpex-text-base\"><span>Personnel \u2013 Structure<\/span><\/a><\/div><\/nav><\/div><\/div><\/div><\/div><div class=\"vc_row wpb_row vc_row-fluid visible-desktop-large no-bottom-margins\"><div class=\"wpb_column vc_column_container vc_col-sm-12\"><div class=\"vc_column-inner\"><div class=\"wpb_wrapper\"><div class=\"vcex-spacing wpex-w-100 wpex-clear\" style=\"height:40px;\"><\/div><nav class=\"vcex-module vcex-navbar wpex-clr home-desktop-menu align-center\" style=\"font-size:var(--wpex-text-sm);\"><div class=\"vcex-navbar-inner wpex-clr container wpex-last-mr-0\"><a href=\"https:\/\/kavila.vn\/en\/gioi-thieu\/kts-trinh-thai-hoang\/\" class=\"vcex-navbar-link wpex-mr-5 wpex-mb-5 theme-button minimal-border wpex-text-base\"><span>Architects. Trinh Thai Hoang<\/span><\/a><a href=\"https:\/\/kavila.vn\/en\/gioi-thieu\/hinh-anh-cong-ty\/\" class=\"vcex-navbar-link wpex-mr-5 wpex-mb-5 theme-button minimal-border wpex-text-base\"><span>Company&#039;s face<\/span><\/a><a href=\"https:\/\/kavila.vn\/en\/gioi-thieu\/nhan-su-co-cau\/\" class=\"vcex-navbar-link wpex-mr-5 wpex-mb-5 theme-button minimal-border wpex-text-base\"><span>Personnel \u2013 Structure<\/span><\/a><\/div><\/nav><\/div><\/div><\/div><\/div><div class=\"vc_row wpb_row vc_row-fluid no-bottom-margins\"><div class=\"wpb_column vc_column_container vc_col-sm-12\"><div class=\"vc_column-inner\"><div class=\"wpb_wrapper\"><div class=\"vcex-spacing wpex-w-100 wpex-clear\" style=\"height:40px;\"><\/div><h1 class=\"vcex-heading vcex-module wpex-text-2xl wpex-font-normal wpex-m-auto wpex-max-w-100 vcex-heading-plain wpex-block wpex-text-center\" style=\"font-size:var(--wpex-text-lg);\"><span class=\"vcex-heading-inner wpex-inline-block wpex-clr\">Company&#039;s face<\/span><\/h1><div class=\"vcex-spacing wpex-w-100 wpex-clear\" style=\"height:40px;\"><\/div>\n\t<div style=\"color:#888888;\" class=\"wpb_text_column has-custom-color wpex-child-inherit-color wpb_content_element\" >\n\t\t<div class=\"wpb_wrapper\">\n\t\t\t<p style=\"text-align: justify;\">Bringing customers more value than a product, helping homeowners affirm their worthy position when placing full trust and responsibility for Kavila.<\/p>\n<p>Kavila pursues a sustainable strategy, putting all the quintessence in a product so we only pursue the quality of the work instead of chasing the quantity, chasing the market.<\/p>\n<p>Constantly striving to become a leading company providing design and construction services for villas, penthouses, resorts, .. giving customers a comfortable, luxurious and classy space. best.<\/p>\n\n\t\t<\/div>\n\t<\/div>\n<div class=\"vcex-spacing wpex-w-100 wpex-clear\" style=\"height:40px;\"><\/div><\/div><\/div><\/div><\/div><div class=\"vc_row wpb_row vc_row-fluid vc_row-o-equal-height vc_row-flex wpex-vc-has-custom-column-spacing wpex-vc-column-spacing-10 no-bottom-margins\"><div class=\"wpb_column vc_column_container vc_col-sm-6\"><div class=\"vc_column-inner\"><div class=\"wpb_wrapper\"><figure class=\"vcex-image vcex-module wpex-clr wpex-mb-10 textcenter\"><div class=\"vcex-image-inner wpex-relative wpex-w-100\"><img decoding=\"async\" width=\"1707\" height=\"2560\" src=\"https:\/\/kavila.vn\/wp-content\/uploads\/2023\/12\/0U9A0515-scaled.jpg\" class=\"wpex-align-middle wpex-w-100\" alt=\"\" loading=\"lazy\" srcset=\"https:\/\/kavila.vn\/wp-content\/uploads\/2023\/12\/0U9A0515-scaled.jpg 1707w, https:\/\/kavila.vn\/wp-content\/uploads\/2023\/12\/0U9A0515-200x300.jpg 200w, https:\/\/kavila.vn\/wp-content\/uploads\/2023\/12\/0U9A0515-683x1024.jpg 683w, https:\/\/kavila.vn\/wp-content\/uploads\/2023\/12\/0U9A0515-768x1151.jpg 768w, https:\/\/kavila.vn\/wp-content\/uploads\/2023\/12\/0U9A0515-1024x1536.jpg 1024w, https:\/\/kavila.vn\/wp-content\/uploads\/2023\/12\/0U9A0515-1366x2048.jpg 1366w, https:\/\/kavila.vn\/wp-content\/uploads\/2023\/12\/0U9A0515-8x12.jpg 8w, https:\/\/kavila.vn\/wp-content\/uploads\/2023\/12\/0U9A0515-500x750.jpg 500w, https:\/\/kavila.vn\/wp-content\/uploads\/2023\/12\/0U9A0515-800x1199.jpg 800w, https:\/\/kavila.vn\/wp-content\/uploads\/2023\/12\/0U9A0515-1280x1919.jpg 1280w, https:\/\/kavila.vn\/wp-content\/uploads\/2023\/12\/0U9A0515-1920x2879.jpg 1920w\" sizes=\"auto, (max-width: 1707px) 100vw, 1707px\" \/><\/div><\/figure><\/div><\/div><\/div><div class=\"wpb_column vc_column_container vc_col-sm-6\"><div class=\"vc_column-inner\"><div class=\"wpb_wrapper\"><figure class=\"vcex-image vcex-module wpex-clr wpex-mb-10 textcenter\"><div class=\"vcex-image-inner wpex-relative wpex-w-100\"><img decoding=\"async\" width=\"1708\" height=\"2560\" src=\"https:\/\/kavila.vn\/wp-content\/uploads\/2023\/12\/0U9A0377-scaled.jpg\" class=\"wpex-align-middle wpex-w-100\" alt=\"\" loading=\"lazy\" srcset=\"https:\/\/kavila.vn\/wp-content\/uploads\/2023\/12\/0U9A0377-scaled.jpg 1708w, https:\/\/kavila.vn\/wp-content\/uploads\/2023\/12\/0U9A0377-200x300.jpg 200w, https:\/\/kavila.vn\/wp-content\/uploads\/2023\/12\/0U9A0377-683x1024.jpg 683w, https:\/\/kavila.vn\/wp-content\/uploads\/2023\/12\/0U9A0377-768x1151.jpg 768w, https:\/\/kavila.vn\/wp-content\/uploads\/2023\/12\/0U9A0377-1025x1536.jpg 1025w, https:\/\/kavila.vn\/wp-content\/uploads\/2023\/12\/0U9A0377-1366x2048.jpg 1366w, https:\/\/kavila.vn\/wp-content\/uploads\/2023\/12\/0U9A0377-8x12.jpg 8w, https:\/\/kavila.vn\/wp-content\/uploads\/2023\/12\/0U9A0377-500x750.jpg 500w, https:\/\/kavila.vn\/wp-content\/uploads\/2023\/12\/0U9A0377-800x1199.jpg 800w, https:\/\/kavila.vn\/wp-content\/uploads\/2023\/12\/0U9A0377-1280x1919.jpg 1280w, https:\/\/kavila.vn\/wp-content\/uploads\/2023\/12\/0U9A0377-1920x2879.jpg 1920w\" sizes=\"auto, (max-width: 1708px) 100vw, 1708px\" \/><\/div><\/figure><\/div><\/div><\/div><\/div><div class=\"vc_row wpb_row vc_row-fluid vc_row-o-equal-height vc_row-flex wpex-vc-has-custom-column-spacing wpex-vc-column-spacing-10 no-bottom-margins\"><div class=\"wpb_column vc_column_container vc_col-sm-6\"><div class=\"vc_column-inner\"><div class=\"wpb_wrapper\"><figure class=\"vcex-image vcex-module wpex-clr wpex-mb-10 textcenter\"><div class=\"vcex-image-inner wpex-relative wpex-w-100\"><img decoding=\"async\" width=\"2560\" height=\"1708\" src=\"https:\/\/kavila.vn\/wp-content\/uploads\/2023\/12\/0U9A0408-scaled.jpg\" class=\"wpex-align-middle wpex-w-100\" alt=\"\" loading=\"lazy\" srcset=\"https:\/\/kavila.vn\/wp-content\/uploads\/2023\/12\/0U9A0408-scaled.jpg 2560w, https:\/\/kavila.vn\/wp-content\/uploads\/2023\/12\/0U9A0408-300x200.jpg 300w, https:\/\/kavila.vn\/wp-content\/uploads\/2023\/12\/0U9A0408-1024x683.jpg 1024w, https:\/\/kavila.vn\/wp-content\/uploads\/2023\/12\/0U9A0408-768x512.jpg 768w, https:\/\/kavila.vn\/wp-content\/uploads\/2023\/12\/0U9A0408-1536x1025.jpg 1536w, https:\/\/kavila.vn\/wp-content\/uploads\/2023\/12\/0U9A0408-2048x1366.jpg 2048w, https:\/\/kavila.vn\/wp-content\/uploads\/2023\/12\/0U9A0408-18x12.jpg 18w, https:\/\/kavila.vn\/wp-content\/uploads\/2023\/12\/0U9A0408-500x333.jpg 500w, https:\/\/kavila.vn\/wp-content\/uploads\/2023\/12\/0U9A0408-800x534.jpg 800w, https:\/\/kavila.vn\/wp-content\/uploads\/2023\/12\/0U9A0408-1280x854.jpg 1280w, https:\/\/kavila.vn\/wp-content\/uploads\/2023\/12\/0U9A0408-1920x1281.jpg 1920w\" sizes=\"auto, (max-width: 2560px) 100vw, 2560px\" \/><\/div><\/figure><\/div><\/div><\/div><div class=\"wpb_column vc_column_container vc_col-sm-6\"><div class=\"vc_column-inner\"><div class=\"wpb_wrapper\"><figure class=\"vcex-image vcex-module wpex-clr wpex-mb-10 textcenter\"><div class=\"vcex-image-inner wpex-relative wpex-w-100\"><img decoding=\"async\" width=\"2560\" height=\"1708\" src=\"https:\/\/kavila.vn\/wp-content\/uploads\/2023\/12\/0U9A0392-scaled.jpg\" class=\"wpex-align-middle wpex-w-100\" alt=\"\" loading=\"lazy\" srcset=\"https:\/\/kavila.vn\/wp-content\/uploads\/2023\/12\/0U9A0392-scaled.jpg 2560w, https:\/\/kavila.vn\/wp-content\/uploads\/2023\/12\/0U9A0392-300x200.jpg 300w, https:\/\/kavila.vn\/wp-content\/uploads\/2023\/12\/0U9A0392-1024x683.jpg 1024w, https:\/\/kavila.vn\/wp-content\/uploads\/2023\/12\/0U9A0392-768x512.jpg 768w, https:\/\/kavila.vn\/wp-content\/uploads\/2023\/12\/0U9A0392-1536x1025.jpg 1536w, https:\/\/kavila.vn\/wp-content\/uploads\/2023\/12\/0U9A0392-2048x1366.jpg 2048w, https:\/\/kavila.vn\/wp-content\/uploads\/2023\/12\/0U9A0392-18x12.jpg 18w, https:\/\/kavila.vn\/wp-content\/uploads\/2023\/12\/0U9A0392-500x333.jpg 500w, https:\/\/kavila.vn\/wp-content\/uploads\/2023\/12\/0U9A0392-800x534.jpg 800w, https:\/\/kavila.vn\/wp-content\/uploads\/2023\/12\/0U9A0392-1280x854.jpg 1280w, https:\/\/kavila.vn\/wp-content\/uploads\/2023\/12\/0U9A0392-1920x1281.jpg 1920w\" sizes=\"auto, (max-width: 2560px) 100vw, 2560px\" \/><\/div><\/figure><\/div><\/div><\/div><\/div><div class=\"vc_row wpb_row vc_row-fluid no-bottom-margins\"><div class=\"wpb_column vc_column_container vc_col-sm-12\"><div class=\"vc_column-inner\"><div class=\"wpb_wrapper\"><div class=\"vcex-spacing wpex-w-100 wpex-clear\" style=\"height:40px;\"><\/div><\/div><\/div><\/div><\/div>","protected":false},"excerpt":{"rendered":"KTS. Tr\u1ecbnh Th\u00e1i Ho\u00e0ngH\u00ecnh \u1ea3nh c\u00f4ng tyNh\u00e2n s\u1ef1 \u2013 C\u01a1 c\u1ea5uKTS. Tr\u1ecbnh Th\u00e1i Ho\u00e0ngH\u00ecnh \u1ea3nh c\u00f4ng tyNh\u00e2n s\u1ef1 \u2013 C\u01a1 c\u1ea5uH\u00ecnh \u1ea3nh c\u00f4ng ty Mang \u0111\u1ebfn cho kh\u00e1ch h\u00e0ng gi\u00e1 tr\u1ecb nhi\u1ec1u h\u01a1n l\u00e0 m\u1ed9t s\u1ea3n ph\u1ea9m, gi\u00fap gia ch\u1ee7 kh\u1eb3ng \u0111\u1ecbnh \u0111\u01b0\u1ee3c v\u1ecb th\u1ebf x\u1ee9ng t\u1ea7m khi \u0111\u1eb7t tr\u1ecdn ni\u1ec1m tin v\u00e0 tr\u1ecdng tr\u00e1ch&hellip;","protected":false},"author":1,"featured_media":0,"parent":18,"menu_order":2,"comment_status":"closed","ping_status":"closed","template":"","meta":{"footnotes":""},"class_list":["post-918","page","type-page","status-publish","hentry","entry","no-media"],"yoast_head":"<!-- This site is optimized with the Yoast SEO plugin v27.2 - https:\/\/yoast.com\/product\/yoast-seo-wordpress\/ -->\n<title>H\u00ecnh \u1ea3nh c\u00f4ng ty - KAVILA ARCHITECTURE<\/title>\n<meta name=\"robots\" content=\"index, follow, max-snippet:-1, max-image-preview:large, max-video-preview:-1\" \/>\n<link rel=\"canonical\" href=\"https:\/\/kavila.vn\/en\/gioi-thieu\/hinh-anh-cong-ty\/\" \/>\n<meta property=\"og:locale\" content=\"en_US\" \/>\n<meta property=\"og:type\" content=\"article\" \/>\n<meta property=\"og:title\" content=\"H\u00ecnh \u1ea3nh c\u00f4ng ty - KAVILA ARCHITECTURE\" \/>\n<meta property=\"og:url\" content=\"https:\/\/kavila.vn\/en\/gioi-thieu\/hinh-anh-cong-ty\/\" \/>\n<meta property=\"og:site_name\" content=\"KAVILA ARCHITECTURE\" \/>\n<meta property=\"article:publisher\" content=\"https:\/\/www.facebook.com\/Kavila.vn\/\" \/>\n<meta property=\"article:modified_time\" content=\"2023-12-16T10:11:33+00:00\" \/>\n<meta name=\"twitter:card\" content=\"summary_large_image\" \/>\n<meta name=\"twitter:label1\" content=\"Est. reading time\" \/>\n\t<meta name=\"twitter:data1\" content=\"2 minutes\" \/>\n<script type=\"application\/ld+json\" class=\"yoast-schema-graph\">{\"@context\":\"https:\/\/schema.org\",\"@graph\":[{\"@type\":\"WebPage\",\"@id\":\"https:\/\/kavila.vn\/gioi-thieu\/hinh-anh-cong-ty\/\",\"url\":\"https:\/\/kavila.vn\/gioi-thieu\/hinh-anh-cong-ty\/\",\"name\":\"H\u00ecnh \u1ea3nh c\u00f4ng ty - KAVILA ARCHITECTURE\",\"isPartOf\":{\"@id\":\"https:\/\/kavila.vn\/#website\"},\"datePublished\":\"2022-10-23T22:15:05+00:00\",\"dateModified\":\"2023-12-16T10:11:33+00:00\",\"breadcrumb\":{\"@id\":\"https:\/\/kavila.vn\/gioi-thieu\/hinh-anh-cong-ty\/#breadcrumb\"},\"inLanguage\":\"en-US\",\"potentialAction\":[{\"@type\":\"ReadAction\",\"target\":[\"https:\/\/kavila.vn\/gioi-thieu\/hinh-anh-cong-ty\/\"]}]},{\"@type\":\"BreadcrumbList\",\"@id\":\"https:\/\/kavila.vn\/gioi-thieu\/hinh-anh-cong-ty\/#breadcrumb\",\"itemListElement\":[{\"@type\":\"ListItem\",\"position\":1,\"name\":\"Trang ch\u1ee7\",\"item\":\"https:\/\/kavila.vn\/\"},{\"@type\":\"ListItem\",\"position\":2,\"name\":\"Gi\u1edbi thi\u1ec7u\",\"item\":\"https:\/\/kavila.vn\/gioi-thieu\/\"},{\"@type\":\"ListItem\",\"position\":3,\"name\":\"H\u00ecnh \u1ea3nh c\u00f4ng ty\"}]},{\"@type\":\"WebSite\",\"@id\":\"https:\/\/kavila.vn\/#website\",\"url\":\"https:\/\/kavila.vn\/\",\"name\":\"KAVILA ARCHITECTURE\",\"description\":\"\",\"publisher\":{\"@id\":\"https:\/\/kavila.vn\/#organization\"},\"potentialAction\":[{\"@type\":\"SearchAction\",\"target\":{\"@type\":\"EntryPoint\",\"urlTemplate\":\"https:\/\/kavila.vn\/?s={search_term_string}\"},\"query-input\":{\"@type\":\"PropertyValueSpecification\",\"valueRequired\":true,\"valueName\":\"search_term_string\"}}],\"inLanguage\":\"en-US\"},{\"@type\":\"Organization\",\"@id\":\"https:\/\/kavila.vn\/#organization\",\"name\":\"KAVILA ARCHITECTURE\",\"url\":\"https:\/\/kavila.vn\/\",\"logo\":{\"@type\":\"ImageObject\",\"inLanguage\":\"en-US\",\"@id\":\"https:\/\/kavila.vn\/#\/schema\/logo\/image\/\",\"url\":\"https:\/\/kavila.vn\/wp-content\/uploads\/2022\/11\/favicon.png\",\"contentUrl\":\"https:\/\/kavila.vn\/wp-content\/uploads\/2022\/11\/favicon.png\",\"width\":512,\"height\":512,\"caption\":\"KAVILA ARCHITECTURE\"},\"image\":{\"@id\":\"https:\/\/kavila.vn\/#\/schema\/logo\/image\/\"},\"sameAs\":[\"https:\/\/www.facebook.com\/Kavila.vn\/\"]}]}<\/script>\n<!-- \/ Yoast SEO plugin. -->","yoast_head_json":{"title":"H\u00ecnh \u1ea3nh c\u00f4ng ty - KAVILA ARCHITECTURE","robots":{"index":"index","follow":"follow","max-snippet":"max-snippet:-1","max-image-preview":"max-image-preview:large","max-video-preview":"max-video-preview:-1"},"canonical":"https:\/\/kavila.vn\/en\/gioi-thieu\/hinh-anh-cong-ty\/","og_locale":"en_US","og_type":"article","og_title":"H\u00ecnh \u1ea3nh c\u00f4ng ty - KAVILA ARCHITECTURE","og_url":"https:\/\/kavila.vn\/en\/gioi-thieu\/hinh-anh-cong-ty\/","og_site_name":"KAVILA ARCHITECTURE","article_publisher":"https:\/\/www.facebook.com\/Kavila.vn\/","article_modified_time":"2023-12-16T10:11:33+00:00","twitter_card":"summary_large_image","twitter_misc":{"Est. reading time":"2 minutes"},"schema":{"@context":"https:\/\/schema.org","@graph":[{"@type":"WebPage","@id":"https:\/\/kavila.vn\/gioi-thieu\/hinh-anh-cong-ty\/","url":"https:\/\/kavila.vn\/gioi-thieu\/hinh-anh-cong-ty\/","name":"H\u00ecnh \u1ea3nh c\u00f4ng ty - KAVILA ARCHITECTURE","isPartOf":{"@id":"https:\/\/kavila.vn\/#website"},"datePublished":"2022-10-23T22:15:05+00:00","dateModified":"2023-12-16T10:11:33+00:00","breadcrumb":{"@id":"https:\/\/kavila.vn\/gioi-thieu\/hinh-anh-cong-ty\/#breadcrumb"},"inLanguage":"en-US","potentialAction":[{"@type":"ReadAction","target":["https:\/\/kavila.vn\/gioi-thieu\/hinh-anh-cong-ty\/"]}]},{"@type":"BreadcrumbList","@id":"https:\/\/kavila.vn\/gioi-thieu\/hinh-anh-cong-ty\/#breadcrumb","itemListElement":[{"@type":"ListItem","position":1,"name":"Trang ch\u1ee7","item":"https:\/\/kavila.vn\/"},{"@type":"ListItem","position":2,"name":"Gi\u1edbi thi\u1ec7u","item":"https:\/\/kavila.vn\/gioi-thieu\/"},{"@type":"ListItem","position":3,"name":"H\u00ecnh \u1ea3nh c\u00f4ng ty"}]},{"@type":"WebSite","@id":"https:\/\/kavila.vn\/#website","url":"https:\/\/kavila.vn\/","name":"KAVILA ARCHITECTURE","description":"","publisher":{"@id":"https:\/\/kavila.vn\/#organization"},"potentialAction":[{"@type":"SearchAction","target":{"@type":"EntryPoint","urlTemplate":"https:\/\/kavila.vn\/?s={search_term_string}"},"query-input":{"@type":"PropertyValueSpecification","valueRequired":true,"valueName":"search_term_string"}}],"inLanguage":"en-US"},{"@type":"Organization","@id":"https:\/\/kavila.vn\/#organization","name":"KAVILA ARCHITECTURE","url":"https:\/\/kavila.vn\/","logo":{"@type":"ImageObject","inLanguage":"en-US","@id":"https:\/\/kavila.vn\/#\/schema\/logo\/image\/","url":"https:\/\/kavila.vn\/wp-content\/uploads\/2022\/11\/favicon.png","contentUrl":"https:\/\/kavila.vn\/wp-content\/uploads\/2022\/11\/favicon.png","width":512,"height":512,"caption":"KAVILA ARCHITECTURE"},"image":{"@id":"https:\/\/kavila.vn\/#\/schema\/logo\/image\/"},"sameAs":["https:\/\/www.facebook.com\/Kavila.vn\/"]}]}},"_links":{"self":[{"href":"https:\/\/kavila.vn\/en\/wp-json\/wp\/v2\/pages\/918","targetHints":{"allow":["GET"]}}],"collection":[{"href":"https:\/\/kavila.vn\/en\/wp-json\/wp\/v2\/pages"}],"about":[{"href":"https:\/\/kavila.vn\/en\/wp-json\/wp\/v2\/types\/page"}],"author":[{"embeddable":true,"href":"https:\/\/kavila.vn\/en\/wp-json\/wp\/v2\/users\/1"}],"replies":[{"embeddable":true,"href":"https:\/\/kavila.vn\/en\/wp-json\/wp\/v2\/comments?post=918"}],"version-history":[{"count":0,"href":"https:\/\/kavila.vn\/en\/wp-json\/wp\/v2\/pages\/918\/revisions"}],"up":[{"embeddable":true,"href":"https:\/\/kavila.vn\/en\/wp-json\/wp\/v2\/pages\/18"}],"wp:attachment":[{"href":"https:\/\/kavila.vn\/en\/wp-json\/wp\/v2\/media?parent=918"}],"curies":[{"name":"wp","href":"https:\/\/api.w.org\/{rel}","templated":true}]}}